
{"id":16376,"date":"2019-07-05T21:45:21","date_gmt":"2019-07-05T21:45:21","guid":{"rendered":"https:\/\/www.julius2grow.com\/home\/"},"modified":"2025-10-10T14:08:37","modified_gmt":"2025-10-10T14:08:37","slug":"inicio","status":"publish","type":"page","link":"https:\/\/www.julius2grow.com\/es\/inicio\/","title":{"rendered":"Inicio"},"content":{"rendered":"<div class=\"wpb-content-wrapper\"><p>[vc_row type=\u00bbfull_width_section\u00bb full_height=\u00bbtrue\u00bb content_placement=\u00bbtop\u00bb row_id=\u00bbbanner&#8211;desktop\u00bb][vc_column width=\u00bb1\/1&#8243;][rev_slider_vc alias=\u00bbslider-espanol\u00bb][\/vc_column][\/vc_row][vc_row type=\u00bbfull_width_section\u00bb full_height=\u00bbtrue\u00bb content_placement=\u00bbtop\u00bb row_id=\u00bbbanner&#8211;celuco\u00bb][vc_column width=\u00bb1\/1&#8243;][vc_images_carousel images=\u00bb20847,20845&#8243; img_size=\u00bbfull\u00bb onclick=\u00bblink_no\u00bb css=\u00bb\u00bb][\/vc_column][\/vc_row][vc_row][vc_column width=\u00bb1\/1&#8243;][vc_raw_html]JTNDZGl2JTIwc3R5bGUlM0QlMjJ2aXNpYmlsaXR5JTNBJTIwaGlkZGVuJTNCJTIwaGVpZ2h0JTNBMCUzQiUyMCUyMiUzRSUzQ2gxJTNFSlVMSVVTJTIwQ09OTkVDVEVEJTIwMiUyMEdST1clM0MlMkZoMSUzRSUzQyUyRmRpdiUzRQ==[\/vc_raw_html][\/vc_column][\/vc_row][vc_row top_padding=\u00bb80&#8243; class=\u00bbsection-100 mobile__pt-30&#8243;][vc_column el_class=\u00bbmobile__mb-0&#8243; animation=\u00bbfade-in-from-left\u00bb width=\u00bb5\/12&#8243; delay=\u00bb200&#8243;]<h2 class=\"headline font-inherit fontsize-inherit fontweight-inherit lh-inherit align-left transform-inherit text-uppercase text-left\" style=\"margin: 0 0 20px 0;\"><span class=\"t-regular block\">Nuestra<\/span> filosof\u00eda<\/h2>[vc_column_text]Como emprendedores, nos apasiona <strong>hacer<\/strong> de lo que nos proponemos una realidad.<br \/>\nNos hemos concentrado en aprender sobre la <strong>empat\u00ed\u00ada<\/strong>, <strong>escuchando<\/strong> con gran detenimiento para lograr una profunda <strong>comprensi\u00f3n<\/strong> de lo que m\u00e1s importa, <strong>conectar<\/strong> con nuestros clientes.[\/vc_column_text][vc_raw_html css=\u00bb.vc_custom_1564758614262{margin-bottom: 40px !important;}\u00bb]JTNDYSUyMGhyZWYlM0QlMjIlMkZlcyUyRm5vc290cm9zJTIyJTIwY2xhc3MlM0QlMjJidG4tc2ltcGxlJTIwYnRuLW1haW4lMjIlM0VWZXIlMjBtJUMzJUExcyUzQyUyRmElM0U=[\/vc_raw_html][\/vc_column][vc_column animation=\u00bbfade-in-from-right\u00bb width=\u00bb7\/12&#8243; delay=\u00bb600&#8243;][vc_single_image image=\u00bb17740&#8243; img_size=\u00bbfull\u00bb el_class=\u00bbvideo_image mobile__mb-30&#8243;][\/vc_column][\/vc_row][vc_row top_padding=\u00bb50&#8243; bottom_padding=\u00bb80&#8243; class=\u00bbsection-100 mobile__pb-40&#8243;][vc_column animation=\u00bbfade-in-from-left\u00bb width=\u00bb7\/12&#8243; delay=\u00bb600&#8243;][vc_column_text el_class=\u00bbvideo_image mobile__mb-30&#8243;]<img loading=\"lazy\" decoding=\"async\" class=\"alignnone size-full wp-image-18955\" src=\"https:\/\/www.julius2grow.com\/wp-content\/uploads\/2020\/12\/our-transformation.jpg\" alt=\"Our Transformation\" width=\"660\" height=\"440\" \/>[\/vc_column_text][\/vc_column][vc_column animation=\u00bbfade-in-from-right\u00bb width=\u00bb5\/12&#8243; delay=\u00bb200&#8243;]<h2 class=\"headline font-inherit fontsize-inherit fontweight-inherit lh-inherit align-left transform-inherit text-uppercase text-left mobile__mt-30\" style=\"margin: 0 0 20px 0;\"><span class=\"t-regular block\">Nuestra<\/span> transformaci\u00f3n<\/h2>[vc_column_text]Nos consolidamos con una <strong>nueva oferta de servicios digitales<\/strong>; una fusi\u00f3n entre iguales, con un gran patrimonio colectivo. Los equipos de trabajo han estado planificando durante m\u00e1s de un a\u00f1o la <strong>integraci\u00f3n<\/strong> y a partir de hoy, se materializa esta oferta y la apertura de la operaci\u00f3n comercial en Estados Unidos, Espa\u00f1a, M\u00e9xico y Colombia.[\/vc_column_text][\/vc_column][\/vc_row][vc_row][vc_column animation=\u00bbfade-in-from-bottom\u00bb width=\u00bb1\/1&#8243; delay=\u00bb200&#8243;][vc_raw_html el_class=\u00bbtitle-and-link\u00bb]JTNDaDIlMjBjbGFzcyUzRCUyMnRleHQtdXBwZXJjYXNlJTIwdGl0bGUtYW5kLWxpbmtfX3RpdGxlJTIyJTNFU2VydmljaW9zJTNDJTJGaDIlM0UlM0NhJTIwaHJlZiUzRCUyMiUyRmVzJTJGc2VydmljaW9zJTJGJTIyJTIwY2xhc3MlM0QlMjJidG4tc2ltcGxlJTIwYnRuLW1haW4lMjIlM0VWZXIlMjB0b2RvcyUzQyUyRmElM0U=[\/vc_raw_html][vc_posts_slider count=\u00bb8&#8243; interval=\u00bb3&#8243; slides_content=\u00bbteaser\u00bb slides_title=\u00bb1&#8243; posttypes=\u00bbservices\u00bb el_id=\u00bbslider-primary\u00bb][\/vc_column][\/vc_row][vc_row top_padding=\u00bb80&#8243;][vc_column animation=\u00bbfade-in-from-bottom\u00bb width=\u00bb1\/1&#8243; delay=\u00bb200&#8243;][vc_raw_html el_class=\u00bbtitle-and-link\u00bb]JTNDaDIlMjBjbGFzcyUzRCUyMnRleHQtdXBwZXJjYXNlJTIwdGl0bGUtYW5kLWxpbmtfX3RpdGxlJTIyJTNFSW5kdXN0cmlhcyUzQyUyRmgyJTNFJTNDYSUyMGhyZWYlM0QlMjIlMkZlcyUyRmluZHVzdHJpYXMlMkYlMjIlMjBjbGFzcyUzRCUyMmJ0bi1zaW1wbGUlMjBidG4tbWFpbiUyMiUzRVZlciUyMHRvZG9zJTNDJTJGYSUzRQ==[\/vc_raw_html][vc_posts_slider count=\u00bb8&#8243; interval=\u00bb3&#8243; slides_content=\u00bbteaser\u00bb slides_title=\u00bb1&#8243; posttypes=\u00bbindustries\u00bb el_class=\u00bbslider-secondary\u00bb][\/vc_column][\/vc_row][vc_row top_padding=\u00bb130&#8243; bottom_padding=\u00bb80&#8243; class=\u00bbrow-works section-100&#8243;][vc_column el_class=\u00bbmax-w275 mobile__mb-0&#8243; animation=\u00bbfade-in-from-left\u00bb width=\u00bb4\/12&#8243; delay=\u00bb150&#8243;]<h2 class=\"headline font-inherit fontsize-inherit fontweight-inherit lh-inherit align-right transform-inherit text-uppercase title-work\" style=\"\">Historias de \u00e9xito<\/h2>[vc_column_text]Te contamos c\u00f3mo hemos logrado cumplir metas juntos.<br \/>\nConoce nuestros casos e insp\u00ed\u00adrate.[\/vc_column_text][vc_raw_html css=\u00bb.vc_custom_1569425467364{margin-bottom: 40px !important;}\u00bb el_class=\u00bbtext-right\u00bb]JTNDYSUyMGhyZWYlM0QlMjIlMkZlcyUyRmhpc3Rvcmlhcy1kZS1leGl0byUyRiUyMiUyMGNsYXNzJTNEJTIyYnRuLXNpbXBsZSUyMiUzRVZlciUyMG0lQzMlQTFzJTNDJTJGYSUzRQ==[\/vc_raw_html][\/vc_column][vc_column el_class=\u00bbcol-carousel\u00bb animation=\u00bbfade-in-from-right\u00bb width=\u00bb8\/12&#8243; delay=\u00bb300&#8243;][vc_posts_slider type=\u00bbflexslider_slide\u00bb count=\u00bbAll\u00bb interval=\u00bb0&#8243; slides_content=\u00bbteaser\u00bb slides_title=\u00bb1&#8243; css=\u00bb\u00bb posttypes=\u00bbportfolio\u00bb el_class=\u00bbportfolio-succes\u00bb][\/vc_column][\/vc_row][vc_row class=\u00bbrow-contact\u00bb][vc_column animation=\u00bbfade-in-from-bottom\u00bb width=\u00bb1\/1&#8243; delay=\u00bb100&#8243;][vc_raw_html]JTNDZGl2JTIwY2xhc3MlM0QlMjJmb3JtX2NvbnRlbnQlMjIlM0UlMEElMjAlMjAlMjAlMjAlM0NoMiUyMGlkJTNEJTIyc3dpdGNoX2NvbnRhY3QlMjIlMjBjbGFzcyUzRCUyMnQtdXBwZXJjYXNlJTIyJTNFSEFDRU1PUyUyMERFJTIwVFVTJTNDc3BhbiUyMGNsYXNzJTNEJTIydC1yZWd1bGFyJTIyJTNFSURFQVMlMjBVTkElMjBSRUFMSURBRCUzQyUyRnNwYW4lM0UlMEElMjAlMjAlMjAlMjAlM0MlMkZoMiUzRSUwQSUyMCUyMCUyMCUyMCUzQ2RpdiUyMGNsYXNzJTNEJTIyZmVhdHVyZWRfZ3JlZW4lMjBmZWF0dXJlZF9tYWdlbnRhJTIyJTNFJUMyJUJGTk9TJTIwQ09ORUNUQU1PUyUzRiUzQyUyRmRpdiUzRSUwQSUyMCUyMCUyMCUyMCUzQ2RpdiUyMGNsYXNzJTNEJTIyZm9ybV93cmFwJTIyJTNFJTBBJTIwJTIwJTIwJTIwJTIwJTIwJTIwJTIwJTNDZGl2JTIwY2xhc3MlM0QlMjJmb3JtJTIwY29sX2xlZnQlMjIlM0UlMEElMjAlMjAlMjAlMjAlMjAlMjAlMjAlMjAlMjAlMjAlMjAlMjAlM0NzY3JpcHQlMjBjaGFyc2V0JTNEJTIydXRmLTglMjIlMjB0eXBlJTNEJTIydGV4dCUyRmphdmFzY3JpcHQlMjIlMjBzcmMlM0QlMjIlMkYlMkZqcy5oc2Zvcm1zLm5ldCUyRmZvcm1zJTJGZW1iZWQlMkZ2Mi5qcyUyMiUzRSUzQyUyRnNjcmlwdCUzRSUwQSUyMCUyMCUyMCUyMCUyMCUyMCUyMCUyMCUyMCUyMCUyMCUyMCUzQ3NjcmlwdCUzRSUwQSUyMCUyMCUyMCUyMCUyMCUyMCUyMCUyMCUyMCUyMCUyMCUyMCUyMCUyMGhic3B0LmZvcm1zLmNyZWF0ZSUyOCU3QiUwQSUyMCUyMCUyMCUyMCUyMCUyMCUyMCUyMCUyMCUyMCUyMCUyMCUyMCUyMCUyMCUyMHJlZ2lvbiUzQSUyMCUyMm5hMSUyMiUyQyUwQSUyMCUyMCUyMCUyMCUyMCUyMCUyMCUyMCUyMCUyMCUyMCUyMCUyMCUyMCUyMCUyMHBvcnRhbElkJTNBJTIwJTIyNDAzMzI0NSUyMiUyQyUwQSUyMCUyMCUyMCUyMCUyMCUyMCUyMCUyMCUyMCUyMCUyMCUyMCUyMCUyMCUyMCUyMGZvcm1JZCUzQSUyMCUyMjY4OGRiZDc5LTcyMGEtNDQyYi1hZGE3LWI4MzkzZjEyNGMyNiUyMiUwQSUyMCUyMCUyMCUyMCUyMCUyMCUyMCUyMCUyMCUyMCUyMCUyMCUyMCUyMCU3RCUyOSUzQiUwQSUyMCUyMCUyMCUyMCUyMCUyMCUyMCUyMCUyMCUyMCUyMCUyMCUzQyUyRnNjcmlwdCUzRSUwQSUyMCUyMCUyMCUyMCUyMCUyMCUyMCUyMCUzQyUyRmRpdiUzRSUwQSUyMCUyMCUyMCUyMCUyMCUyMCUyMCUyMCUzQ2RpdiUyMGNsYXNzJTNEJTIyZm9ybV9pbWFnZSUyMGNvbF9sZWZ0JTIwY29sX3JpZ2h0JTIyJTNFJTBBJTIwJTIwJTIwJTIwJTIwJTIwJTIwJTIwJTIwJTIwJTIwJTIwJTNDaW1nJTIwc3JjJTNEJTIyJTJGd3AtY29udGVudCUyRnVwbG9hZHMlMkYyMDE5JTJGMDclMkZjb250YWN0LXVzLnBuZyUyMiUyMGFsdCUzRCUyMiUyMiUzRSUwQSUyMCUyMCUyMCUyMCUyMCUyMCUyMCUyMCUzQyUyRmRpdiUzRSUwQSUyMCUyMCUyMCUyMCUzQyUyRmRpdiUzRSUwQSUzQyUyRmRpdiUzRQ==[\/vc_raw_html][\/vc_column][\/vc_row][vc_row][vc_column width=\u00bb1\/1&#8243;][\/vc_column][\/vc_row]<\/p>\n<\/div>","protected":false},"excerpt":{"rendered":"<p>[vc_row type=\u00bbfull_width_section\u00bb full_height=\u00bbtrue\u00bb content_placement=\u00bbtop\u00bb row_id=\u00bbbanner&#8211;desktop\u00bb][vc_column width=\u00bb1\/1&#8243;][rev_slider_vc alias=\u00bbslider-espanol\u00bb][\/vc_column][\/vc_row][vc_row type=\u00bbfull_width_section\u00bb full_height=\u00bbtrue\u00bb content_placement=\u00bbtop\u00bb row_id=\u00bbbanner&#8211;celuco\u00bb][vc_column width=\u00bb1\/1&#8243;][vc_images_carousel images=\u00bb20847,20845&#8243; img_size=\u00bbfull\u00bb onclick=\u00bblink_no\u00bb css=\u00bb\u00bb][\/vc_column][\/vc_row][vc_row][vc_column width=\u00bb1\/1&#8243;][vc_raw_html]JTNDZGl2JTIwc3R5bGUlM0QlMjJ2aXNpYmlsaXR5JTNBJTIwaGlkZGVuJTNCJTIwaGVpZ2h0JTNBMCUzQiUyMCUyMiUzRSUzQ2gxJTNFSlVMSVVTJTIwQ09OTkVDVEVEJTIwMiUyMEdST1clM0MlMkZoMSUzRSUzQyUyRmRpdiUzRQ==[\/vc_raw_html][\/vc_column][\/vc_row][vc_row top_padding=\u00bb80&#8243; class=\u00bbsection-100 mobile__pt-30&#8243;][vc_column el_class=\u00bbmobile__mb-0&#8243; animation=\u00bbfade-in-from-left\u00bb width=\u00bb5\/12&#8243; delay=\u00bb200&#8243;][vc_column_text]Como emprendedores, nos apasiona hacer de lo que nos proponemos una realidad. Nos hemos concentrado en aprender sobre la empat\u00ed\u00ada, escuchando con gran detenimiento para lograr una profunda comprensi\u00f3n de lo que m\u00e1s importa, conectar con nuestros clientes.[\/vc_column_text][vc_raw_html css=\u00bb.vc_custom_1564758614262{margin-bottom: 40px !important;}\u00bb]JTNDYSUyMGhyZWYlM0QlMjIlMkZlcyUyRm5vc290cm9zJTIyJTIwY2xhc3MlM0QlMjJidG4tc2ltcGxlJTIwYnRuLW1haW4lMjIlM0VWZXIlMjBtJUMzJUExcyUzQyUyRmElM0U=[\/vc_raw_html][\/vc_column][vc_column animation=\u00bbfade-in-from-right\u00bb width=\u00bb7\/12&#8243; delay=\u00bb600&#8243;][vc_single_image image=\u00bb17740&#8243; img_size=\u00bbfull\u00bb el_class=\u00bbvideo_image mobile__mb-30&#8243;][\/vc_column][\/vc_row][vc_row top_padding=\u00bb50&#8243; bottom_padding=\u00bb80&#8243; class=\u00bbsection-100 mobile__pb-40&#8243;][vc_column animation=\u00bbfade-in-from-left\u00bb width=\u00bb7\/12&#8243; delay=\u00bb600&#8243;][vc_column_text el_class=\u00bbvideo_image mobile__mb-30&#8243;][\/vc_column_text][\/vc_column][vc_column animation=\u00bbfade-in-from-right\u00bb width=\u00bb5\/12&#8243; delay=\u00bb200&#8243;][vc_column_text]Nos consolidamos con una nueva oferta de servicios digitales; una fusi\u00f3n entre iguales, con un gran patrimonio colectivo. Los equipos de trabajo han estado planificando durante m\u00e1s de un a\u00f1o la integraci\u00f3n y a partir de hoy, se materializa esta oferta y la apertura de la operaci\u00f3n comercial en Estados Unidos, Espa\u00f1a, M\u00e9xico y Colombia.[\/vc_column_text][\/vc_column][\/vc_row][vc_row][vc_column animation=\u00bbfade-in-from-bottom\u00bb width=\u00bb1\/1&#8243; delay=\u00bb200&#8243;][vc_raw_html el_class=\u00bbtitle-and-link\u00bb]JTNDaDIlMjBjbGFzcyUzRCUyMnRleHQtdXBwZXJjYXNlJTIwdGl0bGUtYW5kLWxpbmtfX3RpdGxlJTIyJTNFU2VydmljaW9zJTNDJTJGaDIlM0UlM0NhJTIwaHJlZiUzRCUyMiUyRmVzJTJGc2VydmljaW9zJTJGJTIyJTIwY2xhc3MlM0QlMjJidG4tc2ltcGxlJTIwYnRuLW1haW4lMjIlM0VWZXIlMjB0b2RvcyUzQyUyRmElM0U=[\/vc_raw_html][vc_posts_slider count=\u00bb8&#8243; interval=\u00bb3&#8243; slides_content=\u00bbteaser\u00bb slides_title=\u00bb1&#8243; posttypes=\u00bbservices\u00bb el_id=\u00bbslider-primary\u00bb][\/vc_column][\/vc_row][vc_row top_padding=\u00bb80&#8243;][vc_column animation=\u00bbfade-in-from-bottom\u00bb width=\u00bb1\/1&#8243; delay=\u00bb200&#8243;][vc_raw_html el_class=\u00bbtitle-and-link\u00bb]JTNDaDIlMjBjbGFzcyUzRCUyMnRleHQtdXBwZXJjYXNlJTIwdGl0bGUtYW5kLWxpbmtfX3RpdGxlJTIyJTNFSW5kdXN0cmlhcyUzQyUyRmgyJTNFJTNDYSUyMGhyZWYlM0QlMjIlMkZlcyUyRmluZHVzdHJpYXMlMkYlMjIlMjBjbGFzcyUzRCUyMmJ0bi1zaW1wbGUlMjBidG4tbWFpbiUyMiUzRVZlciUyMHRvZG9zJTNDJTJGYSUzRQ==[\/vc_raw_html][vc_posts_slider count=\u00bb8&#8243; interval=\u00bb3&#8243; slides_content=\u00bbteaser\u00bb slides_title=\u00bb1&#8243; posttypes=\u00bbindustries\u00bb el_class=\u00bbslider-secondary\u00bb][\/vc_column][\/vc_row][vc_row top_padding=\u00bb130&#8243; bottom_padding=\u00bb80&#8243; class=\u00bbrow-works section-100&#8243;][vc_column el_class=\u00bbmax-w275 mobile__mb-0&#8243; animation=\u00bbfade-in-from-left\u00bb width=\u00bb4\/12&#8243; delay=\u00bb150&#8243;][vc_column_text]Te contamos c\u00f3mo hemos logrado cumplir metas juntos. Conoce nuestros casos e insp\u00ed\u00adrate.[\/vc_column_text][vc_raw_html css=\u00bb.vc_custom_1569425467364{margin-bottom: 40px !important;}\u00bb el_class=\u00bbtext-right\u00bb]JTNDYSUyMGhyZWYlM0QlMjIlMkZlcyUyRmhpc3Rvcmlhcy1kZS1leGl0byUyRiUyMiUyMGNsYXNzJTNEJTIyYnRuLXNpbXBsZSUyMiUzRVZlciUyMG0lQzMlQTFzJTNDJTJGYSUzRQ==[\/vc_raw_html][\/vc_column][vc_column el_class=\u00bbcol-carousel\u00bb animation=\u00bbfade-in-from-right\u00bb width=\u00bb8\/12&#8243; delay=\u00bb300&#8243;][vc_posts_slider type=\u00bbflexslider_slide\u00bb count=\u00bbAll\u00bb interval=\u00bb0&#8243; slides_content=\u00bbteaser\u00bb slides_title=\u00bb1&#8243; css=\u00bb\u00bb posttypes=\u00bbportfolio\u00bb el_class=\u00bbportfolio-succes\u00bb][\/vc_column][\/vc_row][vc_row class=\u00bbrow-contact\u00bb][vc_column animation=\u00bbfade-in-from-bottom\u00bb width=\u00bb1\/1&#8243; delay=\u00bb100&#8243;][vc_raw_html]JTNDZGl2JTIwY2xhc3MlM0QlMjJmb3JtX2NvbnRlbnQlMjIlM0UlMEElMjAlMjAlMjAlMjAlM0NoMiUyMGlkJTNEJTIyc3dpdGNoX2NvbnRhY3QlMjIlMjBjbGFzcyUzRCUyMnQtdXBwZXJjYXNlJTIyJTNFSEFDRU1PUyUyMERFJTIwVFVTJTNDc3BhbiUyMGNsYXNzJTNEJTIydC1yZWd1bGFyJTIyJTNFSURFQVMlMjBVTkElMjBSRUFMSURBRCUzQyUyRnNwYW4lM0UlMEElMjAlMjAlMjAlMjAlM0MlMkZoMiUzRSUwQSUyMCUyMCUyMCUyMCUzQ2RpdiUyMGNsYXNzJTNEJTIyZmVhdHVyZWRfZ3JlZW4lMjBmZWF0dXJlZF9tYWdlbnRhJTIyJTNFJUMyJUJGTk9TJTIwQ09ORUNUQU1PUyUzRiUzQyUyRmRpdiUzRSUwQSUyMCUyMCUyMCUyMCUzQ2RpdiUyMGNsYXNzJTNEJTIyZm9ybV93cmFwJTIyJTNFJTBBJTIwJTIwJTIwJTIwJTIwJTIwJTIwJTIwJTNDZGl2JTIwY2xhc3MlM0QlMjJmb3JtJTIwY29sX2xlZnQlMjIlM0UlMEElMjAlMjAlMjAlMjAlMjAlMjAlMjAlMjAlMjAlMjAlMjAlMjAlM0NzY3JpcHQlMjBjaGFyc2V0JTNEJTIydXRmLTglMjIlMjB0eXBlJTNEJTIydGV4dCUyRmphdmFzY3JpcHQlMjIlMjBzcmMlM0QlMjIlMkYlMkZqcy5oc2Zvcm1zLm5ldCUyRmZvcm1zJTJGZW1iZWQlMkZ2Mi5qcyUyMiUzRSUzQyUyRnNjcmlwdCUzRSUwQSUyMCUyMCUyMCUyMCUyMCUyMCUyMCUyMCUyMCUyMCUyMCUyMCUzQ3NjcmlwdCUzRSUwQSUyMCUyMCUyMCUyMCUyMCUyMCUyMCUyMCUyMCUyMCUyMCUyMCUyMCUyMGhic3B0LmZvcm1zLmNyZWF0ZSUyOCU3QiUwQSUyMCUyMCUyMCUyMCUyMCUyMCUyMCUyMCUyMCUyMCUyMCUyMCUyMCUyMCUyMCUyMHJlZ2lvbiUzQSUyMCUyMm5hMSUyMiUyQyUwQSUyMCUyMCUyMCUyMCUyMCUyMCUyMCUyMCUyMCUyMCUyMCUyMCUyMCUyMCUyMCUyMHBvcnRhbElkJTNBJTIwJTIyNDAzMzI0NSUyMiUyQyUwQSUyMCUyMCUyMCUyMCUyMCUyMCUyMCUyMCUyMCUyMCUyMCUyMCUyMCUyMCUyMCUyMGZvcm1JZCUzQSUyMCUyMjY4OGRiZDc5LTcyMGEtNDQyYi1hZGE3LWI4MzkzZjEyNGMyNiUyMiUwQSUyMCUyMCUyMCUyMCUyMCUyMCUyMCUyMCUyMCUyMCUyMCUyMCUyMCUyMCU3RCUyOSUzQiUwQSUyMCUyMCUyMCUyMCUyMCUyMCUyMCUyMCUyMCUyMCUyMCUyMCUzQyUyRnNjcmlwdCUzRSUwQSUyMCUyMCUyMCUyMCUyMCUyMCUyMCUyMCUzQyUyRmRpdiUzRSUwQSUyMCUyMCUyMCUyMCUyMCUyMCUyMCUyMCUzQ2RpdiUyMGNsYXNzJTNEJTIyZm9ybV9pbWFnZSUyMGNvbF9sZWZ0JTIwY29sX3JpZ2h0JTIyJTNFJTBBJTIwJTIwJTIwJTIwJTIwJTIwJTIwJTIwJTIwJTIwJTIwJTIwJTNDaW1nJTIwc3JjJTNEJTIyJTJGd3AtY29udGVudCUyRnVwbG9hZHMlMkYyMDE5JTJGMDclMkZjb250YWN0LXVzLnBuZyUyMiUyMGFsdCUzRCUyMiUyMiUzRSUwQSUyMCUyMCUyMCUyMCUyMCUyMCUyMCUyMCUzQyUyRmRpdiUzRSUwQSUyMCUyMCUyMCUyMCUzQyUyRmRpdiUzRSUwQSUzQyUyRmRpdiUzRQ==[\/vc_raw_html][\/vc_column][\/vc_row][vc_row][vc_column width=\u00bb1\/1&#8243;][\/vc_column][\/vc_row]<\/p>\n","protected":false},"author":1,"featured_media":0,"parent":0,"menu_order":0,"comment_status":"closed","ping_status":"closed","template":"","meta":{"_acf_changed":false,"_seopress_robots_primary_cat":"","_seopress_titles_title":"JULIUS Connected 2 Grow","_seopress_titles_desc":"Somos una nueva oferta de servicios digitales enfocada en crear estrategias de transformaci\u00c3\u00b3n digital y conexiones con nuestros clientes basado en objetivos y resultados.","_seopress_robots_index":"","footnotes":""},"class_list":["post-16376","page","type-page","status-publish","hentry"],"acf":[],"yoast_head":"<!-- This site is optimized with the Yoast SEO plugin v26.8 - https:\/\/yoast.com\/product\/yoast-seo-wordpress\/ -->\n<title>JULIUS Connected 2 Grow<\/title>\n<meta name=\"description\" content=\"Somos una nueva oferta de servicios digitales enfocada en crear estrategias de transformaci\u00c3\u00b3n digital y conexiones con nuestros clientes basado en objetivos y resultados.\" \/>\n<meta name=\"robots\" content=\"index, follow, max-snippet:-1, max-image-preview:large, max-video-preview:-1\" \/>\n<link rel=\"canonical\" href=\"https:\/\/www.julius2grow.com\/es\/inicio\/\" \/>\n<meta name=\"twitter:label1\" content=\"Tiempo de lectura\" \/>\n\t<meta name=\"twitter:data1\" content=\"3 minutos\" \/>\n<script type=\"application\/ld+json\" class=\"yoast-schema-graph\">{\"@context\":\"https:\/\/schema.org\",\"@graph\":[{\"@type\":\"WebPage\",\"@id\":\"https:\/\/www.julius2grow.com\/es\/inicio\/\",\"url\":\"https:\/\/www.julius2grow.com\/es\/inicio\/\",\"name\":\"JULIUS Connected 2 Grow\",\"isPartOf\":{\"@id\":\"https:\/\/www.julius2grow.com\/#website\"},\"primaryImageOfPage\":{\"@id\":\"https:\/\/www.julius2grow.com\/es\/inicio\/#primaryimage\"},\"image\":{\"@id\":\"https:\/\/www.julius2grow.com\/es\/inicio\/#primaryimage\"},\"thumbnailUrl\":\"https:\/\/www.julius2grow.com\/wp-content\/uploads\/2020\/12\/our-transformation.jpg\",\"datePublished\":\"2019-07-05T21:45:21+00:00\",\"dateModified\":\"2025-10-10T14:08:37+00:00\",\"description\":\"Somos una nueva oferta de servicios digitales enfocada en crear estrategias de transformaci\u00c3\u00b3n digital y conexiones con nuestros clientes basado en objetivos y resultados.\",\"breadcrumb\":{\"@id\":\"https:\/\/www.julius2grow.com\/es\/inicio\/#breadcrumb\"},\"inLanguage\":\"es\",\"potentialAction\":[{\"@type\":\"ReadAction\",\"target\":[\"https:\/\/www.julius2grow.com\/es\/inicio\/\"]}]},{\"@type\":\"ImageObject\",\"inLanguage\":\"es\",\"@id\":\"https:\/\/www.julius2grow.com\/es\/inicio\/#primaryimage\",\"url\":\"https:\/\/www.julius2grow.com\/wp-content\/uploads\/2020\/12\/our-transformation.jpg\",\"contentUrl\":\"https:\/\/www.julius2grow.com\/wp-content\/uploads\/2020\/12\/our-transformation.jpg\"},{\"@type\":\"BreadcrumbList\",\"@id\":\"https:\/\/www.julius2grow.com\/es\/inicio\/#breadcrumb\",\"itemListElement\":[{\"@type\":\"ListItem\",\"position\":1,\"name\":\"Home\",\"item\":\"https:\/\/www.julius2grow.com\/\"},{\"@type\":\"ListItem\",\"position\":2,\"name\":\"Inicio\"}]},{\"@type\":\"WebSite\",\"@id\":\"https:\/\/www.julius2grow.com\/#website\",\"url\":\"https:\/\/www.julius2grow.com\/\",\"name\":\"Julius\",\"description\":\"Julius2Grow\",\"potentialAction\":[{\"@type\":\"SearchAction\",\"target\":{\"@type\":\"EntryPoint\",\"urlTemplate\":\"https:\/\/www.julius2grow.com\/?s={search_term_string}\"},\"query-input\":{\"@type\":\"PropertyValueSpecification\",\"valueRequired\":true,\"valueName\":\"search_term_string\"}}],\"inLanguage\":\"es\"}]}<\/script>\n<!-- \/ Yoast SEO plugin. -->","yoast_head_json":{"title":"JULIUS Connected 2 Grow","description":"Somos una nueva oferta de servicios digitales enfocada en crear estrategias de transformaci\u00c3\u00b3n digital y conexiones con nuestros clientes basado en objetivos y resultados.","robots":{"index":"index","follow":"follow","max-snippet":"max-snippet:-1","max-image-preview":"max-image-preview:large","max-video-preview":"max-video-preview:-1"},"canonical":"https:\/\/www.julius2grow.com\/es\/inicio\/","twitter_misc":{"Tiempo de lectura":"3 minutos"},"schema":{"@context":"https:\/\/schema.org","@graph":[{"@type":"WebPage","@id":"https:\/\/www.julius2grow.com\/es\/inicio\/","url":"https:\/\/www.julius2grow.com\/es\/inicio\/","name":"JULIUS Connected 2 Grow","isPartOf":{"@id":"https:\/\/www.julius2grow.com\/#website"},"primaryImageOfPage":{"@id":"https:\/\/www.julius2grow.com\/es\/inicio\/#primaryimage"},"image":{"@id":"https:\/\/www.julius2grow.com\/es\/inicio\/#primaryimage"},"thumbnailUrl":"https:\/\/www.julius2grow.com\/wp-content\/uploads\/2020\/12\/our-transformation.jpg","datePublished":"2019-07-05T21:45:21+00:00","dateModified":"2025-10-10T14:08:37+00:00","description":"Somos una nueva oferta de servicios digitales enfocada en crear estrategias de transformaci\u00c3\u00b3n digital y conexiones con nuestros clientes basado en objetivos y resultados.","breadcrumb":{"@id":"https:\/\/www.julius2grow.com\/es\/inicio\/#breadcrumb"},"inLanguage":"es","potentialAction":[{"@type":"ReadAction","target":["https:\/\/www.julius2grow.com\/es\/inicio\/"]}]},{"@type":"ImageObject","inLanguage":"es","@id":"https:\/\/www.julius2grow.com\/es\/inicio\/#primaryimage","url":"https:\/\/www.julius2grow.com\/wp-content\/uploads\/2020\/12\/our-transformation.jpg","contentUrl":"https:\/\/www.julius2grow.com\/wp-content\/uploads\/2020\/12\/our-transformation.jpg"},{"@type":"BreadcrumbList","@id":"https:\/\/www.julius2grow.com\/es\/inicio\/#breadcrumb","itemListElement":[{"@type":"ListItem","position":1,"name":"Home","item":"https:\/\/www.julius2grow.com\/"},{"@type":"ListItem","position":2,"name":"Inicio"}]},{"@type":"WebSite","@id":"https:\/\/www.julius2grow.com\/#website","url":"https:\/\/www.julius2grow.com\/","name":"Julius","description":"Julius2Grow","potentialAction":[{"@type":"SearchAction","target":{"@type":"EntryPoint","urlTemplate":"https:\/\/www.julius2grow.com\/?s={search_term_string}"},"query-input":{"@type":"PropertyValueSpecification","valueRequired":true,"valueName":"search_term_string"}}],"inLanguage":"es"}]}},"_links":{"self":[{"href":"https:\/\/www.julius2grow.com\/es\/wp-json\/wp\/v2\/pages\/16376","targetHints":{"allow":["GET"]}}],"collection":[{"href":"https:\/\/www.julius2grow.com\/es\/wp-json\/wp\/v2\/pages"}],"about":[{"href":"https:\/\/www.julius2grow.com\/es\/wp-json\/wp\/v2\/types\/page"}],"author":[{"embeddable":true,"href":"https:\/\/www.julius2grow.com\/es\/wp-json\/wp\/v2\/users\/1"}],"replies":[{"embeddable":true,"href":"https:\/\/www.julius2grow.com\/es\/wp-json\/wp\/v2\/comments?post=16376"}],"version-history":[{"count":121,"href":"https:\/\/www.julius2grow.com\/es\/wp-json\/wp\/v2\/pages\/16376\/revisions"}],"predecessor-version":[{"id":21284,"href":"https:\/\/www.julius2grow.com\/es\/wp-json\/wp\/v2\/pages\/16376\/revisions\/21284"}],"wp:attachment":[{"href":"https:\/\/www.julius2grow.com\/es\/wp-json\/wp\/v2\/media?parent=16376"}],"curies":[{"name":"wp","href":"https:\/\/api.w.org\/{rel}","templated":true}]}}