
{"id":16526,"date":"2019-07-03T20:08:30","date_gmt":"2019-07-03T20:08:30","guid":{"rendered":"https:\/\/www.julius2grow.com\/careers\/"},"modified":"2025-05-20T16:14:20","modified_gmt":"2025-05-20T16:14:20","slug":"talento","status":"publish","type":"page","link":"https:\/\/www.julius2grow.com\/es\/talento\/","title":{"rendered":"Talento"},"content":{"rendered":"<div class=\"wpb-content-wrapper\"><p>[vc_row bottom_padding=\u00bb40&#8243; class=\u00bbmobile__pb-10&#8243;][vc_column width=\u00bb1\/1&#8243;][vc_column_text]<\/p>\n<p style=\"text-align: center;\">Nunca dejamos de <strong>aprender.<\/strong> Construimos <strong>juntos<\/strong> un camino donde tu creatividad, confianza y vos son lo m\u00e1s importante.<\/p>\n<p style=\"text-align: center;\">!T\u00fa tambi\u00e9n puedes ser parte de nuestro equipo! D\u00e9janos tus datos y no olvides seleccionar el equipo al que quieres pertenecer.<\/p>\n<p>[\/vc_column_text][\/vc_column][\/vc_row][vc_row top_padding=\u00bb50&#8243; bottom_padding=\u00bb50&#8243; class=\u00bbmobile__pb-20&#8243;][vc_column width=\u00bb1\/2&#8243;]<div class=\"restart_carousel carousel_about carousel_about--talento grab-false dots\" data-columns=\"1\" data-tabletcolumns=\"1\" data-nav=\"false\" data-pagination=\"false\" data-autoplay=\"true\" data-animationtime=\"10000\">[vc_column_text]Somos creativos<\/p>\n<p>Impregnamos cada tarea con chispas de creatividad, reflejando nuestra excelencia en resultados incre\u00ed\u00adbles.[\/vc_column_text][vc_column_text]Trabajamos en equipo<\/p>\n<p>Logramos capturar el talento individual y elevarlo a su m\u00e1xima expresi\u00f3n. La mezcla de estos talentos es extraordinaria.[\/vc_column_text][vc_column_text]Amamos lo que hacemos<\/p>\n<p>Convertimos nuestro trabajo en pasiones hechas realidad.[\/vc_column_text][vc_column_text]Aprendemos constantemente<\/p>\n<p>Exploramos nuevos aprendizajes. El mundo est\u00e1 en constante movimiento y nosotros tambi\u00e9n.[\/vc_column_text]<\/div>[\/vc_column][vc_column width=\u00bb1\/2&#8243;][vc_raw_html]JTNDaDIlMjBjbGFzcyUzRCUyMnRpdGxlX2ZlYXR1cmVkJTIwdC11cHBlcmNhc2UlMjIlM0VKb2luJTIwJTNDc3BhbiUyMGNsYXNzJTNEJTIydC1ibGFjayUyMiUzRSUyMFMlMjElM0MlMkZzcGFuJTNFJTNDJTJGaDIlM0UlMEElM0NzcGFuJTIwY2xhc3MlM0QlMjJ0aXRsZV9mZWF0dXJlZC0tbnVtYmVyJTIyJTNFdSUyMCUzQyUyRnNwYW4lM0U=[\/vc_raw_html][\/vc_column][\/vc_row][vc_row class=\u00bbmobile-hidden\u00bb][vc_column width=\u00bb1\/1&#8243;]<div class=\"spacer\" style=\"height: 30px;\"><\/div>[\/vc_column][\/vc_row][vc_row bottom_padding=\u00bb50&#8243; class=\u00bbmobile__mb-0 mobile__pb-0&#8243;][vc_column el_class=\u00bbmobile__mb-0&#8243; width=\u00bb1\/12&#8243;][\/vc_column][vc_column width=\u00bb10\/12&#8243;][vc_raw_html]JTVCY29udGFjdC1mb3JtLTclMjBpZCUzRCUyMjE2NjI5JTIyJTIwdGl0bGUlM0QlMjJUcmFiYWplLWVzcCUyMiU1RA==[\/vc_raw_html][\/vc_column][vc_column width=\u00bb1\/12&#8243;][\/vc_column][\/vc_row]<\/p>\n<\/div>","protected":false},"excerpt":{"rendered":"<p>[vc_row bottom_padding=\u00bb40&#8243; class=\u00bbmobile__pb-10&#8243;][vc_column width=\u00bb1\/1&#8243;][vc_column_text] Nunca dejamos de aprender. Construimos juntos un camino donde tu creatividad, confianza y vos son lo m\u00e1s importante. !T\u00fa tambi\u00e9n puedes ser parte de nuestro equipo! D\u00e9janos tus datos y no olvides seleccionar el equipo al que quieres pertenecer. [\/vc_column_text][\/vc_column][\/vc_row][vc_row top_padding=\u00bb50&#8243; bottom_padding=\u00bb50&#8243; class=\u00bbmobile__pb-20&#8243;][vc_column width=\u00bb1\/2&#8243;][\/vc_column][vc_column width=\u00bb1\/2&#8243;][vc_raw_html]JTNDaDIlMjBjbGFzcyUzRCUyMnRpdGxlX2ZlYXR1cmVkJTIwdC11cHBlcmNhc2UlMjIlM0VKb2luJTIwJTNDc3BhbiUyMGNsYXNzJTNEJTIydC1ibGFjayUyMiUzRSUyMFMlMjElM0MlMkZzcGFuJTNFJTNDJTJGaDIlM0UlMEElM0NzcGFuJTIwY2xhc3MlM0QlMjJ0aXRsZV9mZWF0dXJlZC0tbnVtYmVyJTIyJTNFdSUyMCUzQyUyRnNwYW4lM0U=[\/vc_raw_html][\/vc_column][\/vc_row][vc_row class=\u00bbmobile-hidden\u00bb][vc_column width=\u00bb1\/1&#8243;][\/vc_column][\/vc_row][vc_row bottom_padding=\u00bb50&#8243; class=\u00bbmobile__mb-0 mobile__pb-0&#8243;][vc_column el_class=\u00bbmobile__mb-0&#8243; width=\u00bb1\/12&#8243;][\/vc_column][vc_column width=\u00bb10\/12&#8243;][vc_raw_html]JTVCY29udGFjdC1mb3JtLTclMjBpZCUzRCUyMjE2NjI5JTIyJTIwdGl0bGUlM0QlMjJUcmFiYWplLWVzcCUyMiU1RA==[\/vc_raw_html][\/vc_column][vc_column width=\u00bb1\/12&#8243;][\/vc_column][\/vc_row]<\/p>\n","protected":false},"author":1,"featured_media":0,"parent":0,"menu_order":0,"comment_status":"closed","ping_status":"closed","template":"","meta":{"_acf_changed":false,"_seopress_robots_primary_cat":"","_seopress_titles_title":"\u00c2\u00a1JULIUS 2 Grow! Una empresa llena de talento","_seopress_titles_desc":"JULIUS es una empresa digital llena de empleados talentosos, creativos por el marketing digital, que nunca dejan de aprender, creando un camino lleno de logros. \u00c2\u00a1\u00c3\u0161netenos!","_seopress_robots_index":"","footnotes":""},"class_list":["post-16526","page","type-page","status-publish","hentry"],"acf":[],"yoast_head":"<!-- This site is optimized with the Yoast SEO plugin v26.8 - https:\/\/yoast.com\/product\/yoast-seo-wordpress\/ -->\n<title>\u00c2\u00a1JULIUS 2 Grow! Una empresa llena de talento<\/title>\n<meta name=\"description\" content=\"JULIUS es una empresa digital llena de empleados talentosos, creativos por el marketing digital, que nunca dejan de aprender, creando un camino lleno de logros. \u00c2\u00a1\u00c3\u0161netenos!\" \/>\n<meta name=\"robots\" content=\"index, follow, max-snippet:-1, max-image-preview:large, max-video-preview:-1\" \/>\n<link rel=\"canonical\" href=\"https:\/\/www.julius2grow.com\/es\/talento\/\" \/>\n<meta name=\"twitter:label1\" content=\"Tiempo de lectura\" \/>\n\t<meta name=\"twitter:data1\" content=\"1 minuto\" \/>\n<script type=\"application\/ld+json\" class=\"yoast-schema-graph\">{\"@context\":\"https:\/\/schema.org\",\"@graph\":[{\"@type\":\"WebPage\",\"@id\":\"https:\/\/www.julius2grow.com\/es\/talento\/\",\"url\":\"https:\/\/www.julius2grow.com\/es\/talento\/\",\"name\":\"\u00c2\u00a1JULIUS 2 Grow! Una empresa llena de talento\",\"isPartOf\":{\"@id\":\"https:\/\/www.julius2grow.com\/#website\"},\"datePublished\":\"2019-07-03T20:08:30+00:00\",\"dateModified\":\"2025-05-20T16:14:20+00:00\",\"description\":\"JULIUS es una empresa digital llena de empleados talentosos, creativos por el marketing digital, que nunca dejan de aprender, creando un camino lleno de logros. \u00c2\u00a1\u00c3\u0161netenos!\",\"breadcrumb\":{\"@id\":\"https:\/\/www.julius2grow.com\/es\/talento\/#breadcrumb\"},\"inLanguage\":\"es\",\"potentialAction\":[{\"@type\":\"ReadAction\",\"target\":[\"https:\/\/www.julius2grow.com\/es\/talento\/\"]}]},{\"@type\":\"BreadcrumbList\",\"@id\":\"https:\/\/www.julius2grow.com\/es\/talento\/#breadcrumb\",\"itemListElement\":[{\"@type\":\"ListItem\",\"position\":1,\"name\":\"Home\",\"item\":\"https:\/\/www.julius2grow.com\/\"},{\"@type\":\"ListItem\",\"position\":2,\"name\":\"Talento\"}]},{\"@type\":\"WebSite\",\"@id\":\"https:\/\/www.julius2grow.com\/#website\",\"url\":\"https:\/\/www.julius2grow.com\/\",\"name\":\"Julius\",\"description\":\"Julius2Grow\",\"potentialAction\":[{\"@type\":\"SearchAction\",\"target\":{\"@type\":\"EntryPoint\",\"urlTemplate\":\"https:\/\/www.julius2grow.com\/?s={search_term_string}\"},\"query-input\":{\"@type\":\"PropertyValueSpecification\",\"valueRequired\":true,\"valueName\":\"search_term_string\"}}],\"inLanguage\":\"es\"}]}<\/script>\n<!-- \/ Yoast SEO plugin. -->","yoast_head_json":{"title":"\u00c2\u00a1JULIUS 2 Grow! Una empresa llena de talento","description":"JULIUS es una empresa digital llena de empleados talentosos, creativos por el marketing digital, que nunca dejan de aprender, creando un camino lleno de logros. \u00c2\u00a1\u00c3\u0161netenos!","robots":{"index":"index","follow":"follow","max-snippet":"max-snippet:-1","max-image-preview":"max-image-preview:large","max-video-preview":"max-video-preview:-1"},"canonical":"https:\/\/www.julius2grow.com\/es\/talento\/","twitter_misc":{"Tiempo de lectura":"1 minuto"},"schema":{"@context":"https:\/\/schema.org","@graph":[{"@type":"WebPage","@id":"https:\/\/www.julius2grow.com\/es\/talento\/","url":"https:\/\/www.julius2grow.com\/es\/talento\/","name":"\u00c2\u00a1JULIUS 2 Grow! Una empresa llena de talento","isPartOf":{"@id":"https:\/\/www.julius2grow.com\/#website"},"datePublished":"2019-07-03T20:08:30+00:00","dateModified":"2025-05-20T16:14:20+00:00","description":"JULIUS es una empresa digital llena de empleados talentosos, creativos por el marketing digital, que nunca dejan de aprender, creando un camino lleno de logros. \u00c2\u00a1\u00c3\u0161netenos!","breadcrumb":{"@id":"https:\/\/www.julius2grow.com\/es\/talento\/#breadcrumb"},"inLanguage":"es","potentialAction":[{"@type":"ReadAction","target":["https:\/\/www.julius2grow.com\/es\/talento\/"]}]},{"@type":"BreadcrumbList","@id":"https:\/\/www.julius2grow.com\/es\/talento\/#breadcrumb","itemListElement":[{"@type":"ListItem","position":1,"name":"Home","item":"https:\/\/www.julius2grow.com\/"},{"@type":"ListItem","position":2,"name":"Talento"}]},{"@type":"WebSite","@id":"https:\/\/www.julius2grow.com\/#website","url":"https:\/\/www.julius2grow.com\/","name":"Julius","description":"Julius2Grow","potentialAction":[{"@type":"SearchAction","target":{"@type":"EntryPoint","urlTemplate":"https:\/\/www.julius2grow.com\/?s={search_term_string}"},"query-input":{"@type":"PropertyValueSpecification","valueRequired":true,"valueName":"search_term_string"}}],"inLanguage":"es"}]}},"_links":{"self":[{"href":"https:\/\/www.julius2grow.com\/es\/wp-json\/wp\/v2\/pages\/16526","targetHints":{"allow":["GET"]}}],"collection":[{"href":"https:\/\/www.julius2grow.com\/es\/wp-json\/wp\/v2\/pages"}],"about":[{"href":"https:\/\/www.julius2grow.com\/es\/wp-json\/wp\/v2\/types\/page"}],"author":[{"embeddable":true,"href":"https:\/\/www.julius2grow.com\/es\/wp-json\/wp\/v2\/users\/1"}],"replies":[{"embeddable":true,"href":"https:\/\/www.julius2grow.com\/es\/wp-json\/wp\/v2\/comments?post=16526"}],"version-history":[{"count":55,"href":"https:\/\/www.julius2grow.com\/es\/wp-json\/wp\/v2\/pages\/16526\/revisions"}],"predecessor-version":[{"id":21246,"href":"https:\/\/www.julius2grow.com\/es\/wp-json\/wp\/v2\/pages\/16526\/revisions\/21246"}],"wp:attachment":[{"href":"https:\/\/www.julius2grow.com\/es\/wp-json\/wp\/v2\/media?parent=16526"}],"curies":[{"name":"wp","href":"https:\/\/api.w.org\/{rel}","templated":true}]}}