
{"id":16535,"date":"2019-07-10T23:10:42","date_gmt":"2019-07-10T23:10:42","guid":{"rendered":"https:\/\/www.julius2grow.com\/our-works\/"},"modified":"2026-02-05T14:30:38","modified_gmt":"2026-02-05T14:30:38","slug":"historias-de-exito","status":"publish","type":"page","link":"https:\/\/www.julius2grow.com\/es\/historias-de-exito\/","title":{"rendered":"Historias de \u00c9xito"},"content":{"rendered":"<div class=\"wpb-content-wrapper\"><p>[vc_row top_padding=\u00bb50&#8243; bottom_padding=\u00bb50&#8243; class=\u00bbcontainer_850&#8243; row_id=\u00bbourWorks\u00bb][vc_column width=\u00bb1\/1&#8243;][vc_column_text el_class=\u00bbt-center\u00bb]Conoce c\u00f3mo nos conectamos con nuestros clientes compartiendo objetivos.[\/vc_column_text][\/vc_column][\/vc_row][vc_row row_id=\u00bbportfolio\u00bb][vc_column width=\u00bb1\/1&#8243;]\n\t\t<div class=\"portfolio-element\">\n\n\t\t\n\t\t\t\t\t<div class=\"container\">\n\t\t\n\t\t\t\t\t<div id=\"790466182\" class=\"portfolio-items portfolio-default portfolio-overlay-name clearfix\" data-id=\"790466182\">  \n\t\t\t\t\t\t\n\t\t\t\t\t\t\t\n\t\t\t\t\t\t\t\n\t\t\t\t\t\t\n\t\t\t\t\t\t\t\t\t\t\t\t\t\t\t\t\n\t\t\t\t\t\t\t\t   \n\n\t\t\t\t\t\t\t\t<div class=\"term-architecture portfolio-item one-third column\">\n\t\t\t\t\t\t\t\t\t<div class=\"portfolio-image\"><a href=\"https:\/\/www.julius2grow.com\/es\/our-works\/cemex-impulso-sus-ventas-con-un-e-commerce-b2b-respaldado-por-su-estrategia-digital\/\" title=\"CEMEX impuls\u00f3 sus ventas con un e-commerce B2B, respaldado por su estrategia digital\"><div class=\"portfolio-image-img\"><img decoding=\"async\" src=\"https:\/\/www.julius2grow.com\/wp-content\/uploads\/2022\/02\/destacadoCEMEX-2.jpg\" alt=\"CEMEX impuls\u00f3 sus ventas con un e-commerce B2B, respaldado por su estrategia digital\" \/><\/div><div class=\"portfolio-overlay overlay-name\"><span>CEMEX impuls\u00f3 sus ventas con un e-commerce B2B, respaldado por su estrategia digital<\/span><i class=\"icon-restart-plus\"><\/i><\/div><\/a><\/div>\n\t\t\t\t\t\t\t\t\t<h4><a href=\"https:\/\/www.julius2grow.com\/es\/our-works\/cemex-impulso-sus-ventas-con-un-e-commerce-b2b-respaldado-por-su-estrategia-digital\/\" title=\"CEMEX impuls\u00f3 sus ventas con un e-commerce B2B, respaldado por su estrategia digital\">CEMEX impuls\u00f3 sus ventas con un e-commerce B2B, respaldado por su estrategia digital<\/a><\/h4>\n\t\t\t\t\t\t\t\t\t<span class=\"portfolio-subtitle\"><\/span>\n\t\t\t\t\t\t\t\t<\/div>\n\n\t\t\t\t\t\t\t\t\t\t\t\t  \n\t\t\t\t\t\t\n\t\t\t\t\t\t\t\n\t\t\t\t\t\t\t\n\t\t\t\t\t\t\n\t\t\t\t\t\t\t\t\t\t\t\t\t\t\t\t\n\t\t\t\t\t\t\t\t   \n\n\t\t\t\t\t\t\t\t<div class=\"term-architecture portfolio-item one-third column\">\n\t\t\t\t\t\t\t\t\t<div class=\"portfolio-image\"><a href=\"https:\/\/www.julius2grow.com\/es\/our-works\/desarrollando-una-fuerza-de-ventas\/\" title=\"Desarrollando una fuerza de ventas\"><div class=\"portfolio-image-img\"><img decoding=\"async\" src=\"https:\/\/www.julius2grow.com\/wp-content\/uploads\/2019\/09\/historia-fuerza-de-ventas-1.jpg\" alt=\"Desarrollando una fuerza de ventas\" \/><\/div><div class=\"portfolio-overlay overlay-name\"><span>Desarrollando una fuerza de ventas<\/span><i class=\"icon-restart-plus\"><\/i><\/div><\/a><\/div>\n\t\t\t\t\t\t\t\t\t<h4><a href=\"https:\/\/www.julius2grow.com\/es\/our-works\/desarrollando-una-fuerza-de-ventas\/\" title=\"Desarrollando una fuerza de ventas\">Desarrollando una fuerza de ventas<\/a><\/h4>\n\t\t\t\t\t\t\t\t\t<span class=\"portfolio-subtitle\"><\/span>\n\t\t\t\t\t\t\t\t<\/div>\n\n\t\t\t\t\t\t\t\t\t\t\t\t  \n\t\t\t\t\t\t\n\t\t\t\t\t\t\t\n\t\t\t\t\t\t\t\n\t\t\t\t\t\t\n\t\t\t\t\t\t\t\t\t\t\t\t\t\t\t\t\n\t\t\t\t\t\t\t\t   \n\n\t\t\t\t\t\t\t\t<div class=\"term-architecture portfolio-item one-third column\">\n\t\t\t\t\t\t\t\t\t<div class=\"portfolio-image\"><a href=\"https:\/\/www.julius2grow.com\/es\/our-works\/retailer-ecommerce\/\" title=\"Retailer ecommerce\"><div class=\"portfolio-image-img\"><img decoding=\"async\" src=\"https:\/\/www.julius2grow.com\/wp-content\/uploads\/2019\/09\/historia-retailer-1.jpg\" alt=\"Retailer ecommerce\" \/><\/div><div class=\"portfolio-overlay overlay-name\"><span>Retailer ecommerce<\/span><i class=\"icon-restart-plus\"><\/i><\/div><\/a><\/div>\n\t\t\t\t\t\t\t\t\t<h4><a href=\"https:\/\/www.julius2grow.com\/es\/our-works\/retailer-ecommerce\/\" title=\"Retailer ecommerce\">Retailer ecommerce<\/a><\/h4>\n\t\t\t\t\t\t\t\t\t<span class=\"portfolio-subtitle\"><\/span>\n\t\t\t\t\t\t\t\t<\/div>\n\n\t\t\t\t\t\t\t\t\t\t\t\t  \n\t\t\t\t\t\t\n\t\t\t\t\t\t\t\n\t\t\t\t\t\t\t\n\t\t\t\t\t\t\n\t\t\t\t\t\t\t\t\t\t\t\t\t\t\t\t\n\t\t\t\t\t\t\t\t   \n\n\t\t\t\t\t\t\t\t<div class=\"term-architecture portfolio-item one-third column\">\n\t\t\t\t\t\t\t\t\t<div class=\"portfolio-image\"><a href=\"https:\/\/www.julius2grow.com\/es\/our-works\/universidad\/\" title=\"Universidad\"><div class=\"portfolio-image-img\"><img decoding=\"async\" src=\"https:\/\/www.julius2grow.com\/wp-content\/uploads\/2019\/09\/historia-universidad-portada.jpg\" alt=\"Universidad\" \/><\/div><div class=\"portfolio-overlay overlay-name\"><span>Universidad<\/span><i class=\"icon-restart-plus\"><\/i><\/div><\/a><\/div>\n\t\t\t\t\t\t\t\t\t<h4><a href=\"https:\/\/www.julius2grow.com\/es\/our-works\/universidad\/\" title=\"Universidad\">Universidad<\/a><\/h4>\n\t\t\t\t\t\t\t\t\t<span class=\"portfolio-subtitle\"><\/span>\n\t\t\t\t\t\t\t\t<\/div>\n\n\t\t\t\t\t\t\t\t\t\t\t\t  \n\t\t\t\t\t\t\n\t\t\t\t\t\t\t\n\t\t\t\t\t\t\t\n\t\t\t\t\t\t\n\t\t\t\t\t\t\t\t\t\t\t\t\t\t\t\t\n\t\t\t\t\t\t\t\t   \n\n\t\t\t\t\t\t\t\t<div class=\"term-content-and-creativity-es portfolio-item one-third column\">\n\t\t\t\t\t\t\t\t\t<div class=\"portfolio-image\"><a href=\"https:\/\/www.julius2grow.com\/es\/our-works\/food\/\" title=\"Agroindustria\"><div class=\"portfolio-image-img\"><img decoding=\"async\" src=\"https:\/\/www.julius2grow.com\/wp-content\/uploads\/2019\/09\/historia-consumo-masivo-portada.jpg\" alt=\"Agroindustria\" \/><\/div><div class=\"portfolio-overlay overlay-name\"><span>Agroindustria<\/span><i class=\"icon-restart-plus\"><\/i><\/div><\/a><\/div>\n\t\t\t\t\t\t\t\t\t<h4><a href=\"https:\/\/www.julius2grow.com\/es\/our-works\/food\/\" title=\"Agroindustria\">Agroindustria<\/a><\/h4>\n\t\t\t\t\t\t\t\t\t<span class=\"portfolio-subtitle\"><\/span>\n\t\t\t\t\t\t\t\t<\/div>\n\n\t\t\t\t\t\t\t\t\t\t\t\t  \n\t\t\t\t\t\t\n\t\t\t\t\t\t\t\n\t\t\t\t\t\t\t\n\t\t\t\t\t\t\n\t\t\t\t\t\t\t\t\t\t\t\t\t\t\t\t\n\t\t\t\t\t\t\t\t   \n\n\t\t\t\t\t\t\t\t<div class=\"term-marketing-automation-es portfolio-item one-third column\">\n\t\t\t\t\t\t\t\t\t<div class=\"portfolio-image\"><a href=\"https:\/\/www.julius2grow.com\/es\/our-works\/consumo-masivo\/\" title=\"Consumo masivo\"><div class=\"portfolio-image-img\"><img decoding=\"async\" src=\"https:\/\/www.julius2grow.com\/wp-content\/uploads\/2019\/09\/historia-consumo-masivo-portada-2.jpg\" alt=\"Consumo masivo\" \/><\/div><div class=\"portfolio-overlay overlay-name\"><span>Consumo masivo<\/span><i class=\"icon-restart-plus\"><\/i><\/div><\/a><\/div>\n\t\t\t\t\t\t\t\t\t<h4><a href=\"https:\/\/www.julius2grow.com\/es\/our-works\/consumo-masivo\/\" title=\"Consumo masivo\">Consumo masivo<\/a><\/h4>\n\t\t\t\t\t\t\t\t\t<span class=\"portfolio-subtitle\"><\/span>\n\t\t\t\t\t\t\t\t<\/div>\n\n\t\t\t\t\t\t\t\t\t\t\t\t  \n\t\t\t\t\t\t\t\t\t\t\t<\/div>\n\n\t\t\t\t\t<\/div>\n\t\t\n\t\t<\/div>\n\t\t\t\n\t\t\t\t\n\t\t[\/vc_column][\/vc_row]<\/p>\n<\/div>","protected":false},"excerpt":{"rendered":"<p>[vc_row top_padding=\u00bb50&#8243; bottom_padding=\u00bb50&#8243; class=\u00bbcontainer_850&#8243; row_id=\u00bbourWorks\u00bb][vc_column width=\u00bb1\/1&#8243;][vc_column_text el_class=\u00bbt-center\u00bb]Conoce c\u00f3mo nos conectamos con nuestros clientes compartiendo objetivos.[\/vc_column_text][\/vc_column][\/vc_row][vc_row row_id=\u00bbportfolio\u00bb][vc_column width=\u00bb1\/1&#8243;][\/vc_column][\/vc_row]<\/p>\n","protected":false},"author":1,"featured_media":21244,"parent":0,"menu_order":0,"comment_status":"closed","ping_status":"closed","template":"","meta":{"_acf_changed":false,"_seopress_robots_primary_cat":"","_seopress_titles_title":"\u00c2\u00a1Mira las historias de \u00c3\u00a9xito que hemos logrado en JULIUS!","_seopress_titles_desc":"Conoce las historias de \u00c3\u00a9xito que logramos en JULIUS 2 grow, gracias a c\u00c3\u00b3mo nos conectamos con nuestros clientes para compartir los mismos objetivos.","_seopress_robots_index":"","footnotes":""},"class_list":["post-16535","page","type-page","status-publish","has-post-thumbnail","hentry"],"acf":[],"yoast_head":"<!-- This site is optimized with the Yoast SEO plugin v26.8 - https:\/\/yoast.com\/product\/yoast-seo-wordpress\/ -->\n<title>\u00a1Mira las historias de \u00e9xito que hemos logrado en JULIUS!<\/title>\n<meta name=\"description\" content=\"Conoce las historias de \u00e9xito que logramos en JULIUS 2 grow, gracias a c\u00f3mo nos conectamos con nuestros clientes para compartir los mismos objetivos.\" \/>\n<meta name=\"robots\" content=\"index, follow, max-snippet:-1, max-image-preview:large, max-video-preview:-1\" \/>\n<link rel=\"canonical\" href=\"https:\/\/www.julius2grow.com\/es\/historias-de-exito\/\" \/>\n<meta name=\"twitter:label1\" content=\"Tiempo de lectura\" \/>\n\t<meta name=\"twitter:data1\" content=\"1 minuto\" \/>\n<script type=\"application\/ld+json\" class=\"yoast-schema-graph\">{\"@context\":\"https:\/\/schema.org\",\"@graph\":[{\"@type\":\"WebPage\",\"@id\":\"https:\/\/www.julius2grow.com\/es\/historias-de-exito\/\",\"url\":\"https:\/\/www.julius2grow.com\/es\/historias-de-exito\/\",\"name\":\"\u00a1Mira las historias de \u00e9xito que hemos logrado en JULIUS!\",\"isPartOf\":{\"@id\":\"https:\/\/www.julius2grow.com\/#website\"},\"primaryImageOfPage\":{\"@id\":\"https:\/\/www.julius2grow.com\/es\/historias-de-exito\/#primaryimage\"},\"image\":{\"@id\":\"https:\/\/www.julius2grow.com\/es\/historias-de-exito\/#primaryimage\"},\"thumbnailUrl\":\"https:\/\/www.julius2grow.com\/wp-content\/uploads\/2025\/05\/banner-historias-de-exito.png\",\"datePublished\":\"2019-07-10T23:10:42+00:00\",\"dateModified\":\"2026-02-05T14:30:38+00:00\",\"description\":\"Conoce las historias de \u00e9xito que logramos en JULIUS 2 grow, gracias a c\u00f3mo nos conectamos con nuestros clientes para compartir los mismos objetivos.\",\"breadcrumb\":{\"@id\":\"https:\/\/www.julius2grow.com\/es\/historias-de-exito\/#breadcrumb\"},\"inLanguage\":\"es\",\"potentialAction\":[{\"@type\":\"ReadAction\",\"target\":[\"https:\/\/www.julius2grow.com\/es\/historias-de-exito\/\"]}]},{\"@type\":\"ImageObject\",\"inLanguage\":\"es\",\"@id\":\"https:\/\/www.julius2grow.com\/es\/historias-de-exito\/#primaryimage\",\"url\":\"https:\/\/www.julius2grow.com\/wp-content\/uploads\/2025\/05\/banner-historias-de-exito.png\",\"contentUrl\":\"https:\/\/www.julius2grow.com\/wp-content\/uploads\/2025\/05\/banner-historias-de-exito.png\",\"width\":886,\"height\":591,\"caption\":\"banner historias de exito\"},{\"@type\":\"BreadcrumbList\",\"@id\":\"https:\/\/www.julius2grow.com\/es\/historias-de-exito\/#breadcrumb\",\"itemListElement\":[{\"@type\":\"ListItem\",\"position\":1,\"name\":\"Home\",\"item\":\"https:\/\/www.julius2grow.com\/\"},{\"@type\":\"ListItem\",\"position\":2,\"name\":\"Historias de \u00c9xito\"}]},{\"@type\":\"WebSite\",\"@id\":\"https:\/\/www.julius2grow.com\/#website\",\"url\":\"https:\/\/www.julius2grow.com\/\",\"name\":\"Julius\",\"description\":\"Julius2Grow\",\"potentialAction\":[{\"@type\":\"SearchAction\",\"target\":{\"@type\":\"EntryPoint\",\"urlTemplate\":\"https:\/\/www.julius2grow.com\/?s={search_term_string}\"},\"query-input\":{\"@type\":\"PropertyValueSpecification\",\"valueRequired\":true,\"valueName\":\"search_term_string\"}}],\"inLanguage\":\"es\"}]}<\/script>\n<!-- \/ Yoast SEO plugin. -->","yoast_head_json":{"title":"\u00a1Mira las historias de \u00e9xito que hemos logrado en JULIUS!","description":"Conoce las historias de \u00e9xito que logramos en JULIUS 2 grow, gracias a c\u00f3mo nos conectamos con nuestros clientes para compartir los mismos objetivos.","robots":{"index":"index","follow":"follow","max-snippet":"max-snippet:-1","max-image-preview":"max-image-preview:large","max-video-preview":"max-video-preview:-1"},"canonical":"https:\/\/www.julius2grow.com\/es\/historias-de-exito\/","twitter_misc":{"Tiempo de lectura":"1 minuto"},"schema":{"@context":"https:\/\/schema.org","@graph":[{"@type":"WebPage","@id":"https:\/\/www.julius2grow.com\/es\/historias-de-exito\/","url":"https:\/\/www.julius2grow.com\/es\/historias-de-exito\/","name":"\u00a1Mira las historias de \u00e9xito que hemos logrado en JULIUS!","isPartOf":{"@id":"https:\/\/www.julius2grow.com\/#website"},"primaryImageOfPage":{"@id":"https:\/\/www.julius2grow.com\/es\/historias-de-exito\/#primaryimage"},"image":{"@id":"https:\/\/www.julius2grow.com\/es\/historias-de-exito\/#primaryimage"},"thumbnailUrl":"https:\/\/www.julius2grow.com\/wp-content\/uploads\/2025\/05\/banner-historias-de-exito.png","datePublished":"2019-07-10T23:10:42+00:00","dateModified":"2026-02-05T14:30:38+00:00","description":"Conoce las historias de \u00e9xito que logramos en JULIUS 2 grow, gracias a c\u00f3mo nos conectamos con nuestros clientes para compartir los mismos objetivos.","breadcrumb":{"@id":"https:\/\/www.julius2grow.com\/es\/historias-de-exito\/#breadcrumb"},"inLanguage":"es","potentialAction":[{"@type":"ReadAction","target":["https:\/\/www.julius2grow.com\/es\/historias-de-exito\/"]}]},{"@type":"ImageObject","inLanguage":"es","@id":"https:\/\/www.julius2grow.com\/es\/historias-de-exito\/#primaryimage","url":"https:\/\/www.julius2grow.com\/wp-content\/uploads\/2025\/05\/banner-historias-de-exito.png","contentUrl":"https:\/\/www.julius2grow.com\/wp-content\/uploads\/2025\/05\/banner-historias-de-exito.png","width":886,"height":591,"caption":"banner historias de exito"},{"@type":"BreadcrumbList","@id":"https:\/\/www.julius2grow.com\/es\/historias-de-exito\/#breadcrumb","itemListElement":[{"@type":"ListItem","position":1,"name":"Home","item":"https:\/\/www.julius2grow.com\/"},{"@type":"ListItem","position":2,"name":"Historias de \u00c9xito"}]},{"@type":"WebSite","@id":"https:\/\/www.julius2grow.com\/#website","url":"https:\/\/www.julius2grow.com\/","name":"Julius","description":"Julius2Grow","potentialAction":[{"@type":"SearchAction","target":{"@type":"EntryPoint","urlTemplate":"https:\/\/www.julius2grow.com\/?s={search_term_string}"},"query-input":{"@type":"PropertyValueSpecification","valueRequired":true,"valueName":"search_term_string"}}],"inLanguage":"es"}]}},"_links":{"self":[{"href":"https:\/\/www.julius2grow.com\/es\/wp-json\/wp\/v2\/pages\/16535","targetHints":{"allow":["GET"]}}],"collection":[{"href":"https:\/\/www.julius2grow.com\/es\/wp-json\/wp\/v2\/pages"}],"about":[{"href":"https:\/\/www.julius2grow.com\/es\/wp-json\/wp\/v2\/types\/page"}],"author":[{"embeddable":true,"href":"https:\/\/www.julius2grow.com\/es\/wp-json\/wp\/v2\/users\/1"}],"replies":[{"embeddable":true,"href":"https:\/\/www.julius2grow.com\/es\/wp-json\/wp\/v2\/comments?post=16535"}],"version-history":[{"count":16,"href":"https:\/\/www.julius2grow.com\/es\/wp-json\/wp\/v2\/pages\/16535\/revisions"}],"predecessor-version":[{"id":16943,"href":"https:\/\/www.julius2grow.com\/es\/wp-json\/wp\/v2\/pages\/16535\/revisions\/16943"}],"wp:featuredmedia":[{"embeddable":true,"href":"https:\/\/www.julius2grow.com\/es\/wp-json\/wp\/v2\/media\/21244"}],"wp:attachment":[{"href":"https:\/\/www.julius2grow.com\/es\/wp-json\/wp\/v2\/media?parent=16535"}],"curies":[{"name":"wp","href":"https:\/\/api.w.org\/{rel}","templated":true}]}}