
{"id":17763,"date":"2019-07-08T19:32:37","date_gmt":"2019-07-08T19:32:37","guid":{"rendered":"https:\/\/www.julius2grow.com\/about-us\/"},"modified":"2025-07-16T16:58:19","modified_gmt":"2025-07-16T16:58:19","slug":"nosotros","status":"publish","type":"page","link":"https:\/\/www.julius2grow.com\/es\/nosotros\/","title":{"rendered":"Nosotros"},"content":{"rendered":"<div class=\"wpb-content-wrapper\"><p>[vc_row type=\u00bbfull_width_section\u00bb top_padding=\u00bb50&#8243; bottom_padding=\u00bb50&#8243; class=\u00bbsec_featured mobile__pb-0 mobile__mb-0&#8243;][vc_column el_class=\u00bbcarousel_wrap\u00bb width=\u00bb5\/12&#8243;]<div class=\"restart_carousel carousel_about grab-false dots\" data-columns=\"1\" data-tabletcolumns=\"1\" data-nav=\"false\" data-pagination=\"false\" data-autoplay=\"true\" data-animationtime=\"10000\">[vc_column_text]El verdadero <strong>valor agregado<\/strong> no solo se trata de algo funcional, para nosotros consiste en tener <strong>metas compartidas<\/strong> y un <strong>profundo inter\u00e9s<\/strong> en alcanzarlas\u00bb.[\/vc_column_text][vc_column_text]Estamos convencidos de que crecer juntos crea un <strong>v\u00ed\u00adnculo \u00fanico<\/strong>. Y es a trav\u00e9s de esta profunda <strong>conexi\u00f3n<\/strong> que generamos <strong>conocimientos<\/strong>, aplicables en un sinn\u00famero de pr\u00e1cticas digitales, las cuales son el origen de nuestras ra\u00edces\u00bb.[\/vc_column_text][vc_column_text]Nuestra <strong>pasi\u00f3n<\/strong> es lo que nos impulsa como emprendedores a conseguir resultados, <strong>aplicando<\/strong> nuestros conocimientos en todo lo que <strong>hacemos\u00bb<\/strong>.[\/vc_column_text]<\/div>[\/vc_column][vc_column el_class=\u00bbfeatured_text\u00bb width=\u00bb7\/12&#8243;][vc_raw_html]JTNDaDIlMjBjbGFzcyUzRCUyMnRpdGxlX2ZlYXR1cmVkJTIwdC11cHBlcmNhc2UlMjIlM0VDb25uZWN0ZWQlM0NzcGFuJTIwY2xhc3MlM0QlMjJ0LWJsYWNrJTIyJTNFR3JvdyUzQyUyRnNwYW4lM0UlM0MlMkZoMiUzRSUwQSUzQ3NwYW4lMjBjbGFzcyUzRCUyMnRpdGxlX2ZlYXR1cmVkLS1udW1iZXIlMjIlM0UyJTNDJTJGc3BhbiUzRQ==[\/vc_raw_html][\/vc_column][\/vc_row][vc_row top_padding=\u00bb80&#8243; bottom_padding=\u00bb50&#8243; class=\u00bbsec_born\u00bb row_id=\u00bbsec_born\u00bb][vc_column el_class=\u00bbborn_info&#8211;wrap\u00bb width=\u00bb7\/12&#8243;]<h2 class=\"headline font-inherit fontsize-inherit fontweight-inherit lh-inherit align-center transform-inherit title_sec t-uppercase t-left\" style=\"margin: 0 0 20px 0;\">Conect\u00e1ndonos con el mundo<\/h2>[vc_column_text]Julius nace de la fusi\u00f3n de Arkix y MKX, dos agencias latinoamericanas que buscan unir su conocimiento, competencias y experiencia. Es una alianza que se fortalece con la presencia de seis emprendedores del mundo digital <strong>con visiones y valores comunes<\/strong>. Somos un mexicano, un argentino, un americano, un espa\u00f1ol y dos colombianos que decidimos unir nuestros proyectos de vida, nuestra pasi\u00f3n por el crecimiento de los clientes y la obsesi\u00f3n por los resultados.<\/p>\n<p>Conectamos saberes, talentos y experiencia de dos agencias latinoamericanas con 250 nativos digitales, que encontramos la oportunidad de complementarnos y apoyarnos en este nuevo sue\u00f1o: <strong>hacer parte del top 10 de aliados independientes de expansi\u00f3n digital<\/strong>.[\/vc_column_text][vc_raw_html]JTNDc3BhbiUyMGNsYXNzJTNEJTIyc2hhcGVfbGluZSUyMiUzRSUzQyUyRnNwYW4lM0U=[\/vc_raw_html]<h3 class=\"headline font-inherit fontsize-inherit fontweight-inherit lh-inherit align-center transform-inherit \" style=\"margin: 0 0 20px 0;\">Una conexi\u00f3n centrada en el conocimiento<\/h3>[vc_row_inner el_class=\u00bbborn_btm\u00bb][vc_column_inner el_class=\u00bbborn_logo\u00bb width=\u00bb2\/12&#8243;][vc_single_image image=\u00bb17534&#8243; img_size=\u00bbfull\u00bb][\/vc_column_inner][vc_column_inner el_class=\u00bbborn_info&#8211;bottom\u00bb width=\u00bb10\/12&#8243; css=\u00bb.vc_custom_1562777464575{padding-right: 0px !important;padding-left: 0px !important;}\u00bb][vc_column_text]Arkix es una agencia de marketing instaurada en un mundo digital, por 14 a\u00f1os ha brindado a sus clientes soluciones integrales en temas de relacionamiento con herramientas de tecnolog\u00ed\u00ada y mercadeo.[\/vc_column_text][\/vc_column_inner][\/vc_row_inner][vc_row_inner el_class=\u00bbborn_btm\u00bb][vc_column_inner el_class=\u00bbborn_logo\u00bb width=\u00bb2\/12&#8243;][vc_single_image image=\u00bb17528&#8243; img_size=\u00bbfull\u00bb][\/vc_column_inner][vc_column_inner el_class=\u00bbborn_info&#8211;bottom mobile__mb-0&#8243; width=\u00bb5\/6&#8243;][vc_column_text]Con una trayectoria de 10 a\u00f1os en el mercado, MKX ha sido una agencia comprometida en conectar a sus clientes con empresas de su industria y sus clientes potenciales, a trav\u00e9s de metodolog\u00ed\u00adas tecnol\u00f3gicas avanzadas.[\/vc_column_text][\/vc_column_inner][\/vc_row_inner][\/vc_column][vc_column el_class=\u00bbimage_content&#8211;wrap\u00bb column_padding=\u00bbcustom-padding\u00bb width=\u00bb5\/12&#8243;][vc_single_image image=\u00bb17689&#8243; img_size=\u00bbfull\u00bb el_class=\u00bbimage_content z_index\u00bb][vc_raw_html]JTNDc3BhbiUyMGNsYXNzJTNEJTIyc2hhcGVfYm94JTIyJTNFJTNDJTJGc3BhbiUzRQ==[\/vc_raw_html][\/vc_column][\/vc_row][vc_row top_padding=\u00bb50&#8243; bottom_padding=\u00bb50&#8243; class=\u00bbcontainer_850 team\u00bb][vc_column width=\u00bb1\/1&#8243;]<h2 class=\"headline font-inherit fontsize-inherit fontweight-inherit lh-inherit align-center transform-inherit t-uppercase\" style=\"margin: 0 0 20px 0;\"><span class=\"t-regular\">Nuestro<\/span> equipo<\/h2>[vc_column_text]Somos un equipo de emprendedores que trabajan arduamente para desarrollar relaciones de trabajo positivas con nuestros clientes y as\u00ed\u00ad lograr <strong>metas compartidas<\/strong> para <strong>crecer juntos<\/strong>.[\/vc_column_text][vc_separator border_width=\u00bb2&#8243;][\/vc_column][\/vc_row][vc_row][vc_column width=\u00bb1\/2&#8243;][vc_row_inner el_class=\u00bbteam_item\u00bb][vc_column_inner width=\u00bb1\/3&#8243;][vc_single_image image=\u00bb17719&#8243; img_size=\u00bbfull\u00bb][vc_column_text]<\/p>\n<h2>Mat\u00ed\u00adas Alpert<\/h2>\n<h3>Founder and SVP Commerce<\/h3>\n<p>[\/vc_column_text][\/vc_column_inner][vc_column_inner width=\u00bb1\/3&#8243;][vc_single_image image=\u00bb17704&#8243; img_size=\u00bbfull\u00bb][vc_column_text]<\/p>\n<h2>Pedro Robert<\/h2>\n<h3>Founder and Managing Director Espa\u00f1a<\/h3>\n<p>[\/vc_column_text][\/vc_column_inner][vc_column_inner width=\u00bb1\/3&#8243;][vc_single_image image=\u00bb17710&#8243; img_size=\u00bbfull\u00bb][vc_column_text]<\/p>\n<h2>Jorge Ayala<\/h2>\n<h3>Founder and Managing Director North America<\/h3>\n<p>[\/vc_column_text][\/vc_column_inner][\/vc_row_inner][\/vc_column][vc_column width=\u00bb1\/2&#8243;][vc_row_inner el_class=\u00bbteam_item\u00bb][vc_column_inner width=\u00bb1\/3&#8243;][vc_single_image image=\u00bb17729&#8243; img_size=\u00bbfull\u00bb][vc_column_text]<\/p>\n<h2>Misael Mart\u00ed\u00adnez<\/h2>\n<h3>Founder and Managing Director Colombia<\/h3>\n<p>[\/vc_column_text][\/vc_column_inner][vc_column_inner width=\u00bb1\/3&#8243;][vc_single_image image=\u00bb17727&#8243; img_size=\u00bbfull\u00bb][vc_column_text]<\/p>\n<h2>Federico Pel\u00e1ez<\/h2>\n<h3>Founder and Svp Finance<\/h3>\n<p>[\/vc_column_text][\/vc_column_inner][\/vc_row_inner][\/vc_column][\/vc_row][vc_row][vc_column width=\u00bb1\/1&#8243;]<div class=\"spacer\" style=\"height: 40px;\"><\/div>[\/vc_column][\/vc_row]<\/p>\n<\/div>","protected":false},"excerpt":{"rendered":"<p>[vc_row type=\u00bbfull_width_section\u00bb top_padding=\u00bb50&#8243; bottom_padding=\u00bb50&#8243; class=\u00bbsec_featured mobile__pb-0 mobile__mb-0&#8243;][vc_column el_class=\u00bbcarousel_wrap\u00bb width=\u00bb5\/12&#8243;][\/vc_column][vc_column el_class=\u00bbfeatured_text\u00bb width=\u00bb7\/12&#8243;][vc_raw_html]JTNDaDIlMjBjbGFzcyUzRCUyMnRpdGxlX2ZlYXR1cmVkJTIwdC11cHBlcmNhc2UlMjIlM0VDb25uZWN0ZWQlM0NzcGFuJTIwY2xhc3MlM0QlMjJ0LWJsYWNrJTIyJTNFR3JvdyUzQyUyRnNwYW4lM0UlM0MlMkZoMiUzRSUwQSUzQ3NwYW4lMjBjbGFzcyUzRCUyMnRpdGxlX2ZlYXR1cmVkLS1udW1iZXIlMjIlM0UyJTNDJTJGc3BhbiUzRQ==[\/vc_raw_html][\/vc_column][\/vc_row][vc_row top_padding=\u00bb80&#8243; bottom_padding=\u00bb50&#8243; class=\u00bbsec_born\u00bb row_id=\u00bbsec_born\u00bb][vc_column el_class=\u00bbborn_info&#8211;wrap\u00bb width=\u00bb7\/12&#8243;][vc_column_text]Julius nace de la fusi\u00f3n de Arkix y MKX, dos agencias latinoamericanas que buscan unir su conocimiento, competencias y experiencia. Es una alianza que se fortalece con la presencia de seis emprendedores del mundo digital con visiones y valores comunes. Somos un mexicano, un argentino, un americano, un espa\u00f1ol y dos colombianos que decidimos unir nuestros proyectos de vida, nuestra pasi\u00f3n por el crecimiento de los clientes y la obsesi\u00f3n por los resultados. Conectamos saberes, talentos y experiencia de dos agencias latinoamericanas con 250 nativos digitales, que encontramos la oportunidad de complementarnos y apoyarnos en este nuevo sue\u00f1o: hacer parte del top 10 de aliados independientes de expansi\u00f3n digital.[\/vc_column_text][vc_raw_html]JTNDc3BhbiUyMGNsYXNzJTNEJTIyc2hhcGVfbGluZSUyMiUzRSUzQyUyRnNwYW4lM0U=[\/vc_raw_html][vc_row_inner el_class=\u00bbborn_btm\u00bb][vc_column_inner el_class=\u00bbborn_logo\u00bb width=\u00bb2\/12&#8243;][vc_single_image image=\u00bb17534&#8243; img_size=\u00bbfull\u00bb][\/vc_column_inner][vc_column_inner el_class=\u00bbborn_info&#8211;bottom\u00bb width=\u00bb10\/12&#8243; css=\u00bb.vc_custom_1562777464575{padding-right: 0px !important;padding-left: 0px !important;}\u00bb][vc_column_text]Arkix es una agencia de marketing instaurada en un mundo digital, por 14 a\u00f1os ha brindado a sus clientes soluciones integrales en temas de relacionamiento con herramientas de tecnolog\u00ed\u00ada y mercadeo.[\/vc_column_text][\/vc_column_inner][\/vc_row_inner][vc_row_inner el_class=\u00bbborn_btm\u00bb][vc_column_inner el_class=\u00bbborn_logo\u00bb width=\u00bb2\/12&#8243;][vc_single_image image=\u00bb17528&#8243; img_size=\u00bbfull\u00bb][\/vc_column_inner][vc_column_inner el_class=\u00bbborn_info&#8211;bottom mobile__mb-0&#8243; width=\u00bb5\/6&#8243;][vc_column_text]Con una trayectoria de 10 a\u00f1os en el mercado, MKX ha sido una agencia comprometida en conectar a sus clientes con empresas de su industria y [&hellip;]<\/p>\n","protected":false},"author":1,"featured_media":0,"parent":0,"menu_order":0,"comment_status":"closed","ping_status":"closed","template":"","meta":{"_acf_changed":false,"_seopress_robots_primary_cat":"","_seopress_titles_title":"Acerca de JULIUS 2 grow","_seopress_titles_desc":"JULIUS nace de la fusi\u00c3\u00b3n de Arkix y MKX, dos agencias digitales de latinoam\u00c3\u00a9rica que buscan unir sus conocimientos en el mundo digital con resultados para nuestros clientes.","_seopress_robots_index":"","footnotes":""},"class_list":["post-17763","page","type-page","status-publish","hentry"],"acf":[],"yoast_head":"<!-- This site is optimized with the Yoast SEO plugin v26.8 - https:\/\/yoast.com\/product\/yoast-seo-wordpress\/ -->\n<title>Acerca de JULIUS 2 grow<\/title>\n<meta name=\"description\" content=\"JULIUS nace de la fusi\u00c3\u00b3n de Arkix y MKX, dos agencias digitales de latinoam\u00c3\u00a9rica que buscan unir sus conocimientos en el mundo digital con resultados para nuestros clientes.\" \/>\n<meta name=\"robots\" content=\"index, follow, max-snippet:-1, max-image-preview:large, max-video-preview:-1\" \/>\n<link rel=\"canonical\" href=\"https:\/\/www.julius2grow.com\/es\/nosotros\/\" \/>\n<meta name=\"twitter:label1\" content=\"Tiempo de lectura\" \/>\n\t<meta name=\"twitter:data1\" content=\"4 minutos\" \/>\n<script type=\"application\/ld+json\" class=\"yoast-schema-graph\">{\"@context\":\"https:\/\/schema.org\",\"@graph\":[{\"@type\":\"WebPage\",\"@id\":\"https:\/\/www.julius2grow.com\/es\/nosotros\/\",\"url\":\"https:\/\/www.julius2grow.com\/es\/nosotros\/\",\"name\":\"Acerca de JULIUS 2 grow\",\"isPartOf\":{\"@id\":\"https:\/\/www.julius2grow.com\/#website\"},\"datePublished\":\"2019-07-08T19:32:37+00:00\",\"dateModified\":\"2025-07-16T16:58:19+00:00\",\"description\":\"JULIUS nace de la fusi\u00c3\u00b3n de Arkix y MKX, dos agencias digitales de latinoam\u00c3\u00a9rica que buscan unir sus conocimientos en el mundo digital con resultados para nuestros clientes.\",\"breadcrumb\":{\"@id\":\"https:\/\/www.julius2grow.com\/es\/nosotros\/#breadcrumb\"},\"inLanguage\":\"es\",\"potentialAction\":[{\"@type\":\"ReadAction\",\"target\":[\"https:\/\/www.julius2grow.com\/es\/nosotros\/\"]}]},{\"@type\":\"BreadcrumbList\",\"@id\":\"https:\/\/www.julius2grow.com\/es\/nosotros\/#breadcrumb\",\"itemListElement\":[{\"@type\":\"ListItem\",\"position\":1,\"name\":\"Home\",\"item\":\"https:\/\/www.julius2grow.com\/\"},{\"@type\":\"ListItem\",\"position\":2,\"name\":\"Nosotros\"}]},{\"@type\":\"WebSite\",\"@id\":\"https:\/\/www.julius2grow.com\/#website\",\"url\":\"https:\/\/www.julius2grow.com\/\",\"name\":\"Julius\",\"description\":\"Julius2Grow\",\"potentialAction\":[{\"@type\":\"SearchAction\",\"target\":{\"@type\":\"EntryPoint\",\"urlTemplate\":\"https:\/\/www.julius2grow.com\/?s={search_term_string}\"},\"query-input\":{\"@type\":\"PropertyValueSpecification\",\"valueRequired\":true,\"valueName\":\"search_term_string\"}}],\"inLanguage\":\"es\"}]}<\/script>\n<!-- \/ Yoast SEO plugin. -->","yoast_head_json":{"title":"Acerca de JULIUS 2 grow","description":"JULIUS nace de la fusi\u00c3\u00b3n de Arkix y MKX, dos agencias digitales de latinoam\u00c3\u00a9rica que buscan unir sus conocimientos en el mundo digital con resultados para nuestros clientes.","robots":{"index":"index","follow":"follow","max-snippet":"max-snippet:-1","max-image-preview":"max-image-preview:large","max-video-preview":"max-video-preview:-1"},"canonical":"https:\/\/www.julius2grow.com\/es\/nosotros\/","twitter_misc":{"Tiempo de lectura":"4 minutos"},"schema":{"@context":"https:\/\/schema.org","@graph":[{"@type":"WebPage","@id":"https:\/\/www.julius2grow.com\/es\/nosotros\/","url":"https:\/\/www.julius2grow.com\/es\/nosotros\/","name":"Acerca de JULIUS 2 grow","isPartOf":{"@id":"https:\/\/www.julius2grow.com\/#website"},"datePublished":"2019-07-08T19:32:37+00:00","dateModified":"2025-07-16T16:58:19+00:00","description":"JULIUS nace de la fusi\u00c3\u00b3n de Arkix y MKX, dos agencias digitales de latinoam\u00c3\u00a9rica que buscan unir sus conocimientos en el mundo digital con resultados para nuestros clientes.","breadcrumb":{"@id":"https:\/\/www.julius2grow.com\/es\/nosotros\/#breadcrumb"},"inLanguage":"es","potentialAction":[{"@type":"ReadAction","target":["https:\/\/www.julius2grow.com\/es\/nosotros\/"]}]},{"@type":"BreadcrumbList","@id":"https:\/\/www.julius2grow.com\/es\/nosotros\/#breadcrumb","itemListElement":[{"@type":"ListItem","position":1,"name":"Home","item":"https:\/\/www.julius2grow.com\/"},{"@type":"ListItem","position":2,"name":"Nosotros"}]},{"@type":"WebSite","@id":"https:\/\/www.julius2grow.com\/#website","url":"https:\/\/www.julius2grow.com\/","name":"Julius","description":"Julius2Grow","potentialAction":[{"@type":"SearchAction","target":{"@type":"EntryPoint","urlTemplate":"https:\/\/www.julius2grow.com\/?s={search_term_string}"},"query-input":{"@type":"PropertyValueSpecification","valueRequired":true,"valueName":"search_term_string"}}],"inLanguage":"es"}]}},"_links":{"self":[{"href":"https:\/\/www.julius2grow.com\/es\/wp-json\/wp\/v2\/pages\/17763","targetHints":{"allow":["GET"]}}],"collection":[{"href":"https:\/\/www.julius2grow.com\/es\/wp-json\/wp\/v2\/pages"}],"about":[{"href":"https:\/\/www.julius2grow.com\/es\/wp-json\/wp\/v2\/types\/page"}],"author":[{"embeddable":true,"href":"https:\/\/www.julius2grow.com\/es\/wp-json\/wp\/v2\/users\/1"}],"replies":[{"embeddable":true,"href":"https:\/\/www.julius2grow.com\/es\/wp-json\/wp\/v2\/comments?post=17763"}],"version-history":[{"count":21,"href":"https:\/\/www.julius2grow.com\/es\/wp-json\/wp\/v2\/pages\/17763\/revisions"}],"predecessor-version":[{"id":21264,"href":"https:\/\/www.julius2grow.com\/es\/wp-json\/wp\/v2\/pages\/17763\/revisions\/21264"}],"wp:attachment":[{"href":"https:\/\/www.julius2grow.com\/es\/wp-json\/wp\/v2\/media?parent=17763"}],"curies":[{"name":"wp","href":"https:\/\/api.w.org\/{rel}","templated":true}]}}