
{"id":21870,"date":"2025-11-26T20:21:53","date_gmt":"2025-11-26T20:21:53","guid":{"rendered":"https:\/\/www.julius2grow.com\/navidadjulius\/"},"modified":"2025-12-16T20:29:37","modified_gmt":"2025-12-16T20:29:37","slug":"navidadjulius","status":"publish","type":"page","link":"https:\/\/www.julius2grow.com\/es\/navidadjulius\/","title":{"rendered":"NavidadJulius"},"content":{"rendered":"<div id=\"preloader\">\n<div class=\"loader-content\">\n        <img decoding=\"async\" src=\"https:\/\/www.julius2grow.com\/wp-content\/uploads\/2025\/12\/logo_julius_navidad.png\" alt=\"Julius Loader\" class=\"loader-logo\"><\/p>\n<div class=\"loading-text\">\n            Cargando<\/p>\n<div class=\"loading-dots\">\n            <span class=\"dot\">.<\/span><br \/>\n            <span class=\"dot\">.<\/span><br \/>\n            <span class=\"dot\">.<\/span><br \/>\n            <span class=\"dot\">.<\/span><br \/>\n            <span class=\"dot\">.<\/span>\n            <\/div><\/div><\/div>\n<\/div>\n<div id=\"start-block\" class=\"overlay active\">\n<div class=\"circulo-expansivo\"><\/div>\n<p>    <button id=\"start\">Empezar<\/button><\/p>\n<div class=\"circulo-animacion\"><\/div><\/div>\n<div id=\"scrolly-video-wrap\" class=\"hidden\">\n        <video id=\"scroll-video\" muted playsinline preload=\"auto\"><source src=\"https:\/\/www.julius2grow.com\/wp-content\/uploads\/2025\/11\/video-julius-navidad-2025.mp4\" type=\"video\/mp4\"><\/video>\n    <\/div>\n<div class=\"scrolly-text item-1\">\n<div class=\"popup-box\">\n<p>Este a\u00f1o nos record\u00f3 que las mejores ideas<b> nacen cuando las construimos con quienes conf\u00edan en nosotros.<br \/>\n       <\/b><br \/>Cada conversaci\u00f3n, reto y logro compartido nos dio motivos para seguir creando con prop\u00f3sito.<\/p>\n<\/p><\/div><\/div>\n<div class=\"scrolly-text item-2\">\n<div class=\"popup-box\">\n<p>Gracias por compartir con nosotros tus proyectos y por impulsar nuestro prop\u00f3sito de innovar contigo.<br \/>\n       <br \/>Que el 2026 nos permita llegar m\u00e1s alto, juntos.<\/p>\n<\/p><\/div><\/div>\n<div class=\"scrolly-text item-3\">\n<div class=\"popup-box\">\n<p id=\"tex-desk\"><b> Haz clic para detener el video <\/b><\/p>\n<p id=\"tex-mobil\"><b> Pulsa dos veces para tener para detener el video <\/b><\/p>\n<\/p><\/div><\/div>\n<div id=\"end-block\" class=\"hidden\">\n    <video id=\"end-video\" autoplay muted loop playsinline><source src=\"https:\/\/www.julius2grow.com\/wp-content\/uploads\/2025\/11\/video-julius-navidad-2025.mp4\" type=\"video\/mp4\"><\/video><\/p>\n<div class=\"end-capa\"><\/div>\n<div class=\"end-block1\">\n        <a href=\"https:\/\/www.julius2grow.com\/es\/\"><img decoding=\"async\" src=\"https:\/\/www.julius2grow.com\/wp-content\/uploads\/2025\/11\/logo-julius.png\" alt=\"Logo Julius\"><\/a>\n    <\/div>\n<div class=\"end-block2\">\n        <img decoding=\"async\" src=\"https:\/\/www.julius2grow.com\/wp-content\/uploads\/2025\/11\/navidad-2026-julius.png\" alt=\"Navidad 2026\">\n    <\/div>\n<div class=\"end-block3\">\n    <button id=\"back\">Volver<\/button>\n    <\/div>\n<\/div>\n","protected":false},"excerpt":{"rendered":"<p>Cargando . . . . . Empezar Este a\u00f1o nos record\u00f3 que las mejores ideas nacen cuando las construimos con quienes conf\u00edan en nosotros. Cada conversaci\u00f3n, reto y logro compartido nos dio motivos para seguir creando con prop\u00f3sito. Gracias por compartir con nosotros tus proyectos y por impulsar nuestro prop\u00f3sito de innovar contigo. Que el 2026 nos permita llegar m\u00e1s alto, juntos. Haz clic para detener el video Pulsa dos veces para tener para detener el video Volver<\/p>\n","protected":false},"author":1,"featured_media":0,"parent":0,"menu_order":0,"comment_status":"closed","ping_status":"closed","template":"page-blank.php","meta":{"_acf_changed":false,"_seopress_robots_primary_cat":"","_seopress_titles_title":"","_seopress_titles_desc":"","_seopress_robots_index":"","footnotes":""},"class_list":["post-21870","page","type-page","status-publish","hentry"],"acf":[],"yoast_head":"<!-- This site is optimized with the Yoast SEO plugin v26.8 - https:\/\/yoast.com\/product\/yoast-seo-wordpress\/ -->\n<title>NavidadJulius - Julius<\/title>\n<meta name=\"robots\" content=\"index, follow, max-snippet:-1, max-image-preview:large, max-video-preview:-1\" \/>\n<link rel=\"canonical\" href=\"https:\/\/www.julius2grow.com\/es\/navidadjulius\/\" \/>\n<script type=\"application\/ld+json\" class=\"yoast-schema-graph\">{\"@context\":\"https:\/\/schema.org\",\"@graph\":[{\"@type\":\"WebPage\",\"@id\":\"https:\/\/www.julius2grow.com\/es\/navidadjulius\/\",\"url\":\"https:\/\/www.julius2grow.com\/es\/navidadjulius\/\",\"name\":\"NavidadJulius - Julius\",\"isPartOf\":{\"@id\":\"https:\/\/www.julius2grow.com\/#website\"},\"primaryImageOfPage\":{\"@id\":\"https:\/\/www.julius2grow.com\/es\/navidadjulius\/#primaryimage\"},\"image\":{\"@id\":\"https:\/\/www.julius2grow.com\/es\/navidadjulius\/#primaryimage\"},\"thumbnailUrl\":\"https:\/\/www.julius2grow.com\/wp-content\/uploads\/2025\/12\/logo_julius_navidad.png\",\"datePublished\":\"2025-11-26T20:21:53+00:00\",\"dateModified\":\"2025-12-16T20:29:37+00:00\",\"breadcrumb\":{\"@id\":\"https:\/\/www.julius2grow.com\/es\/navidadjulius\/#breadcrumb\"},\"inLanguage\":\"es\",\"potentialAction\":[{\"@type\":\"ReadAction\",\"target\":[\"https:\/\/www.julius2grow.com\/es\/navidadjulius\/\"]}]},{\"@type\":\"ImageObject\",\"inLanguage\":\"es\",\"@id\":\"https:\/\/www.julius2grow.com\/es\/navidadjulius\/#primaryimage\",\"url\":\"https:\/\/www.julius2grow.com\/wp-content\/uploads\/2025\/12\/logo_julius_navidad.png\",\"contentUrl\":\"https:\/\/www.julius2grow.com\/wp-content\/uploads\/2025\/12\/logo_julius_navidad.png\"},{\"@type\":\"BreadcrumbList\",\"@id\":\"https:\/\/www.julius2grow.com\/es\/navidadjulius\/#breadcrumb\",\"itemListElement\":[{\"@type\":\"ListItem\",\"position\":1,\"name\":\"Home\",\"item\":\"https:\/\/www.julius2grow.com\/\"},{\"@type\":\"ListItem\",\"position\":2,\"name\":\"NavidadJulius\"}]},{\"@type\":\"WebSite\",\"@id\":\"https:\/\/www.julius2grow.com\/#website\",\"url\":\"https:\/\/www.julius2grow.com\/\",\"name\":\"Julius\",\"description\":\"Julius2Grow\",\"potentialAction\":[{\"@type\":\"SearchAction\",\"target\":{\"@type\":\"EntryPoint\",\"urlTemplate\":\"https:\/\/www.julius2grow.com\/?s={search_term_string}\"},\"query-input\":{\"@type\":\"PropertyValueSpecification\",\"valueRequired\":true,\"valueName\":\"search_term_string\"}}],\"inLanguage\":\"es\"}]}<\/script>\n<!-- \/ Yoast SEO plugin. -->","yoast_head_json":{"title":"NavidadJulius - Julius","robots":{"index":"index","follow":"follow","max-snippet":"max-snippet:-1","max-image-preview":"max-image-preview:large","max-video-preview":"max-video-preview:-1"},"canonical":"https:\/\/www.julius2grow.com\/es\/navidadjulius\/","schema":{"@context":"https:\/\/schema.org","@graph":[{"@type":"WebPage","@id":"https:\/\/www.julius2grow.com\/es\/navidadjulius\/","url":"https:\/\/www.julius2grow.com\/es\/navidadjulius\/","name":"NavidadJulius - Julius","isPartOf":{"@id":"https:\/\/www.julius2grow.com\/#website"},"primaryImageOfPage":{"@id":"https:\/\/www.julius2grow.com\/es\/navidadjulius\/#primaryimage"},"image":{"@id":"https:\/\/www.julius2grow.com\/es\/navidadjulius\/#primaryimage"},"thumbnailUrl":"https:\/\/www.julius2grow.com\/wp-content\/uploads\/2025\/12\/logo_julius_navidad.png","datePublished":"2025-11-26T20:21:53+00:00","dateModified":"2025-12-16T20:29:37+00:00","breadcrumb":{"@id":"https:\/\/www.julius2grow.com\/es\/navidadjulius\/#breadcrumb"},"inLanguage":"es","potentialAction":[{"@type":"ReadAction","target":["https:\/\/www.julius2grow.com\/es\/navidadjulius\/"]}]},{"@type":"ImageObject","inLanguage":"es","@id":"https:\/\/www.julius2grow.com\/es\/navidadjulius\/#primaryimage","url":"https:\/\/www.julius2grow.com\/wp-content\/uploads\/2025\/12\/logo_julius_navidad.png","contentUrl":"https:\/\/www.julius2grow.com\/wp-content\/uploads\/2025\/12\/logo_julius_navidad.png"},{"@type":"BreadcrumbList","@id":"https:\/\/www.julius2grow.com\/es\/navidadjulius\/#breadcrumb","itemListElement":[{"@type":"ListItem","position":1,"name":"Home","item":"https:\/\/www.julius2grow.com\/"},{"@type":"ListItem","position":2,"name":"NavidadJulius"}]},{"@type":"WebSite","@id":"https:\/\/www.julius2grow.com\/#website","url":"https:\/\/www.julius2grow.com\/","name":"Julius","description":"Julius2Grow","potentialAction":[{"@type":"SearchAction","target":{"@type":"EntryPoint","urlTemplate":"https:\/\/www.julius2grow.com\/?s={search_term_string}"},"query-input":{"@type":"PropertyValueSpecification","valueRequired":true,"valueName":"search_term_string"}}],"inLanguage":"es"}]}},"_links":{"self":[{"href":"https:\/\/www.julius2grow.com\/es\/wp-json\/wp\/v2\/pages\/21870","targetHints":{"allow":["GET"]}}],"collection":[{"href":"https:\/\/www.julius2grow.com\/es\/wp-json\/wp\/v2\/pages"}],"about":[{"href":"https:\/\/www.julius2grow.com\/es\/wp-json\/wp\/v2\/types\/page"}],"author":[{"embeddable":true,"href":"https:\/\/www.julius2grow.com\/es\/wp-json\/wp\/v2\/users\/1"}],"replies":[{"embeddable":true,"href":"https:\/\/www.julius2grow.com\/es\/wp-json\/wp\/v2\/comments?post=21870"}],"version-history":[{"count":4,"href":"https:\/\/www.julius2grow.com\/es\/wp-json\/wp\/v2\/pages\/21870\/revisions"}],"predecessor-version":[{"id":22041,"href":"https:\/\/www.julius2grow.com\/es\/wp-json\/wp\/v2\/pages\/21870\/revisions\/22041"}],"wp:attachment":[{"href":"https:\/\/www.julius2grow.com\/es\/wp-json\/wp\/v2\/media?parent=21870"}],"curies":[{"name":"wp","href":"https:\/\/api.w.org\/{rel}","templated":true}]}}