
{"id":21890,"date":"2025-12-12T16:17:50","date_gmt":"2025-12-12T16:17:50","guid":{"rendered":"https:\/\/www.julius2grow.com\/thank-you-2\/"},"modified":"2025-12-12T20:00:50","modified_gmt":"2025-12-12T20:00:50","slug":"email-licitacionu","status":"publish","type":"page","link":"https:\/\/www.julius2grow.com\/es\/email-licitacionu\/","title":{"rendered":"Email Licitaci\u00f3n Unicef"},"content":{"rendered":"<div class=\"custom-mail\">\n<div class=\"custom-topbar\">\n        Si no puedes ver este contenido, haz clic <a href=\"#\" style=\"color:#ffffff;\"><strong>aqu\u00ed<\/strong><\/a>\n    <\/div>\n<div class=\"custom-header\">\n<div class=\"custom-title\">\n            Daniela, <strong>dejaste en pausa una historia interesante.<\/strong>\n        <\/div>\n<p>        <img decoding=\"async\" src=\"https:\/\/www.julius2grow.com\/wp-content\/uploads\/2025\/12\/Unicef-para-cada-infancia.png\"\n             width=\"200px\" alt=\"\">\n    <\/div>\n<div class=\"custom-hero\">\n        <img decoding=\"async\" src=\"https:\/\/www.julius2grow.com\/wp-content\/uploads\/2025\/12\/Pausa-video-Unicef.jpg\" alt=\"\">\n    <\/div>\n<div class=\"custom-content\">\n<p class=\"custom-blue\" style=\"font-size:16px;\">\n            Cada d\u00eda m\u00e1s ni\u00f1os est\u00e1n esperando a que su historia cambie con la<br \/> ayuda de un <strong>protagonista como t\u00fa.<br \/>\u00a0\u00a0<\/strong>\n        <\/p>\n<p class=\"custom-blue\" style=\"font-size:18px;font-weight:bold;\">\n            Regresa y s\u00famate a los m\u00e1s de 50 millones <br \/>de personas que ayudan a cambiar vidas.<br \/>\u00a0\u00a0\n        <\/p>\n<p style=\"font-style:italic;\">\n            Reactiva tu suscripci\u00f3n con <strong>Unicef<\/strong> y haz parte del reparto.\n        <\/p>\n<p>        <a href=\"#\" class=\"custom-btn\">Haz clic aqu\u00ed<\/a><\/p><\/div>\n<div class=\"custom-footer\">\n<div class=\"footer-img\"> <a href=\"https:\/\/api.whatsapp.com\/send\/?phone=%2B573232327944&#038;text=Hola%20Unicef\" target=\"blank\" style=\"font-size:12px;\"><img decoding=\"async\" src=\"https:\/\/www.julius2grow.com\/wp-content\/uploads\/2025\/12\/Phone-Unicef.png\" width=\"16\"><\/p>\n<p><strong>WhatsApp<\/strong> (+57) 3232327944 <\/p>\n<p><\/a><\/div>\n<div class=\"footer-img\"> <a href=\"tel:+576013904705\" target=\"blank\"><img decoding=\"async\" src=\"https:\/\/www.julius2grow.com\/wp-content\/uploads\/2025\/12\/Phone-Unicef.png\" width=\"16\"> <\/p>\n<p style=\"font-size:12px;\"><strong>Bogot\u00e1<\/strong> (+57) (601) 3904705<\/p>\n<p><\/a> <\/div>\n<div class=\"footer-img\"> <a href=\"tel:+57018000919866\" target=\"blank\"><img decoding=\"async\" src=\"https:\/\/www.julius2grow.com\/wp-content\/uploads\/2025\/12\/Phone-Unicef.png\" width=\"16\"> <\/p>\n<p style=\"font-size:12px;\"><strong>En el pa\u00eds<\/strong> 018000919866<\/p>\n<p><\/a> <\/div>\n<div class=\"footer-img2\"> <a href=\"mailto:contacto@unicef.org.co\" target=\"blank\"><img decoding=\"async\" src=\"https:\/\/www.julius2grow.com\/wp-content\/uploads\/2025\/12\/icon-mail.png\" width=\"18\"> <\/p>\n<p style=\"font-size:12px;\">contacto@unicef.org.co<\/p>\n<p><\/a>\n<\/div><\/div>\n<div class=\"custom-footer2\" >\n<p style=\"font-size:12px;\">Haz clic <a href=\"#\"><strong>aqu\u00ed<\/strong><\/a> para cancelar la suscripci\u00f3n.<\/p>\n<\/p><\/div>\n","protected":false},"excerpt":{"rendered":"<p>Si no puedes ver este contenido, haz clic aqu\u00ed Daniela, dejaste en pausa una historia interesante. Cada d\u00eda m\u00e1s ni\u00f1os est\u00e1n esperando a que su historia cambie con la ayuda de un protagonista como t\u00fa.\u00a0\u00a0 Regresa y s\u00famate a los m\u00e1s de 50 millones de personas que ayudan a cambiar vidas.\u00a0\u00a0 Reactiva tu suscripci\u00f3n con Unicef y haz parte del reparto. Haz clic aqu\u00ed WhatsApp (+57) 3232327944 Bogot\u00e1 (+57) (601) 3904705 En el pa\u00eds 018000919866 contacto@unicef.org.co Haz clic aqu\u00ed para cancelar la suscripci\u00f3n.<\/p>\n","protected":false},"author":1,"featured_media":0,"parent":0,"menu_order":0,"comment_status":"closed","ping_status":"closed","template":"page-blank.php","meta":{"_acf_changed":false,"_seopress_robots_primary_cat":"","_seopress_titles_title":"","_seopress_titles_desc":"","_seopress_robots_index":"","footnotes":""},"class_list":["post-21890","page","type-page","status-publish","hentry"],"acf":[],"yoast_head":"<!-- This site is optimized with the Yoast SEO plugin v26.8 - https:\/\/yoast.com\/product\/yoast-seo-wordpress\/ -->\n<title>Email Licitaci\u00f3n Unicef - Julius<\/title>\n<meta name=\"robots\" content=\"index, follow, max-snippet:-1, max-image-preview:large, max-video-preview:-1\" \/>\n<link rel=\"canonical\" href=\"https:\/\/www.julius2grow.com\/es\/email-licitacionu\/\" \/>\n<script type=\"application\/ld+json\" class=\"yoast-schema-graph\">{\"@context\":\"https:\/\/schema.org\",\"@graph\":[{\"@type\":\"WebPage\",\"@id\":\"https:\/\/www.julius2grow.com\/es\/email-licitacionu\/\",\"url\":\"https:\/\/www.julius2grow.com\/es\/email-licitacionu\/\",\"name\":\"Email Licitaci\u00f3n Unicef - Julius\",\"isPartOf\":{\"@id\":\"https:\/\/www.julius2grow.com\/#website\"},\"primaryImageOfPage\":{\"@id\":\"https:\/\/www.julius2grow.com\/es\/email-licitacionu\/#primaryimage\"},\"image\":{\"@id\":\"https:\/\/www.julius2grow.com\/es\/email-licitacionu\/#primaryimage\"},\"thumbnailUrl\":\"https:\/\/www.julius2grow.com\/wp-content\/uploads\/2025\/12\/Unicef-para-cada-infancia.png\",\"datePublished\":\"2025-12-12T16:17:50+00:00\",\"dateModified\":\"2025-12-12T20:00:50+00:00\",\"breadcrumb\":{\"@id\":\"https:\/\/www.julius2grow.com\/es\/email-licitacionu\/#breadcrumb\"},\"inLanguage\":\"es\",\"potentialAction\":[{\"@type\":\"ReadAction\",\"target\":[\"https:\/\/www.julius2grow.com\/es\/email-licitacionu\/\"]}]},{\"@type\":\"ImageObject\",\"inLanguage\":\"es\",\"@id\":\"https:\/\/www.julius2grow.com\/es\/email-licitacionu\/#primaryimage\",\"url\":\"https:\/\/www.julius2grow.com\/wp-content\/uploads\/2025\/12\/Unicef-para-cada-infancia.png\",\"contentUrl\":\"https:\/\/www.julius2grow.com\/wp-content\/uploads\/2025\/12\/Unicef-para-cada-infancia.png\"},{\"@type\":\"BreadcrumbList\",\"@id\":\"https:\/\/www.julius2grow.com\/es\/email-licitacionu\/#breadcrumb\",\"itemListElement\":[{\"@type\":\"ListItem\",\"position\":1,\"name\":\"Home\",\"item\":\"https:\/\/www.julius2grow.com\/\"},{\"@type\":\"ListItem\",\"position\":2,\"name\":\"Email Licitaci\u00f3n Unicef\"}]},{\"@type\":\"WebSite\",\"@id\":\"https:\/\/www.julius2grow.com\/#website\",\"url\":\"https:\/\/www.julius2grow.com\/\",\"name\":\"Julius\",\"description\":\"Julius2Grow\",\"potentialAction\":[{\"@type\":\"SearchAction\",\"target\":{\"@type\":\"EntryPoint\",\"urlTemplate\":\"https:\/\/www.julius2grow.com\/?s={search_term_string}\"},\"query-input\":{\"@type\":\"PropertyValueSpecification\",\"valueRequired\":true,\"valueName\":\"search_term_string\"}}],\"inLanguage\":\"es\"}]}<\/script>\n<!-- \/ Yoast SEO plugin. -->","yoast_head_json":{"title":"Email Licitaci\u00f3n Unicef - Julius","robots":{"index":"index","follow":"follow","max-snippet":"max-snippet:-1","max-image-preview":"max-image-preview:large","max-video-preview":"max-video-preview:-1"},"canonical":"https:\/\/www.julius2grow.com\/es\/email-licitacionu\/","schema":{"@context":"https:\/\/schema.org","@graph":[{"@type":"WebPage","@id":"https:\/\/www.julius2grow.com\/es\/email-licitacionu\/","url":"https:\/\/www.julius2grow.com\/es\/email-licitacionu\/","name":"Email Licitaci\u00f3n Unicef - Julius","isPartOf":{"@id":"https:\/\/www.julius2grow.com\/#website"},"primaryImageOfPage":{"@id":"https:\/\/www.julius2grow.com\/es\/email-licitacionu\/#primaryimage"},"image":{"@id":"https:\/\/www.julius2grow.com\/es\/email-licitacionu\/#primaryimage"},"thumbnailUrl":"https:\/\/www.julius2grow.com\/wp-content\/uploads\/2025\/12\/Unicef-para-cada-infancia.png","datePublished":"2025-12-12T16:17:50+00:00","dateModified":"2025-12-12T20:00:50+00:00","breadcrumb":{"@id":"https:\/\/www.julius2grow.com\/es\/email-licitacionu\/#breadcrumb"},"inLanguage":"es","potentialAction":[{"@type":"ReadAction","target":["https:\/\/www.julius2grow.com\/es\/email-licitacionu\/"]}]},{"@type":"ImageObject","inLanguage":"es","@id":"https:\/\/www.julius2grow.com\/es\/email-licitacionu\/#primaryimage","url":"https:\/\/www.julius2grow.com\/wp-content\/uploads\/2025\/12\/Unicef-para-cada-infancia.png","contentUrl":"https:\/\/www.julius2grow.com\/wp-content\/uploads\/2025\/12\/Unicef-para-cada-infancia.png"},{"@type":"BreadcrumbList","@id":"https:\/\/www.julius2grow.com\/es\/email-licitacionu\/#breadcrumb","itemListElement":[{"@type":"ListItem","position":1,"name":"Home","item":"https:\/\/www.julius2grow.com\/"},{"@type":"ListItem","position":2,"name":"Email Licitaci\u00f3n Unicef"}]},{"@type":"WebSite","@id":"https:\/\/www.julius2grow.com\/#website","url":"https:\/\/www.julius2grow.com\/","name":"Julius","description":"Julius2Grow","potentialAction":[{"@type":"SearchAction","target":{"@type":"EntryPoint","urlTemplate":"https:\/\/www.julius2grow.com\/?s={search_term_string}"},"query-input":{"@type":"PropertyValueSpecification","valueRequired":true,"valueName":"search_term_string"}}],"inLanguage":"es"}]}},"_links":{"self":[{"href":"https:\/\/www.julius2grow.com\/es\/wp-json\/wp\/v2\/pages\/21890","targetHints":{"allow":["GET"]}}],"collection":[{"href":"https:\/\/www.julius2grow.com\/es\/wp-json\/wp\/v2\/pages"}],"about":[{"href":"https:\/\/www.julius2grow.com\/es\/wp-json\/wp\/v2\/types\/page"}],"author":[{"embeddable":true,"href":"https:\/\/www.julius2grow.com\/es\/wp-json\/wp\/v2\/users\/1"}],"replies":[{"embeddable":true,"href":"https:\/\/www.julius2grow.com\/es\/wp-json\/wp\/v2\/comments?post=21890"}],"version-history":[{"count":50,"href":"https:\/\/www.julius2grow.com\/es\/wp-json\/wp\/v2\/pages\/21890\/revisions"}],"predecessor-version":[{"id":22024,"href":"https:\/\/www.julius2grow.com\/es\/wp-json\/wp\/v2\/pages\/21890\/revisions\/22024"}],"wp:attachment":[{"href":"https:\/\/www.julius2grow.com\/es\/wp-json\/wp\/v2\/media?parent=21890"}],"curies":[{"name":"wp","href":"https:\/\/api.w.org\/{rel}","templated":true}]}}